{"id":2661,"date":"2023-03-23T15:32:52","date_gmt":"2023-03-23T12:32:52","guid":{"rendered":"https:\/\/milangaz.com.tr\/iletisim\/"},"modified":"2023-11-24T12:37:00","modified_gmt":"2023-11-24T09:37:00","slug":"contact","status":"publish","type":"page","link":"https:\/\/milangaz.com.tr\/en\/contact\/","title":{"rendered":"Contact"},"content":{"rendered":"\t\t<div data-elementor-type=\"wp-page\" data-elementor-id=\"2661\" class=\"elementor elementor-2661\" data-elementor-post-type=\"page\">\n\t\t\t\t<div class=\"elementor-element elementor-element-0435a3f e-con-full e-flex e-con e-parent\" data-id=\"0435a3f\" data-element_type=\"container\" data-e-type=\"container\">\n\t\t\t\t<div class=\"elementor-element elementor-element-b5ee0a3 elementor-widget elementor-widget-contactmap\" data-id=\"b5ee0a3\" data-element_type=\"widget\" data-e-type=\"widget\" data-widget_type=\"contactmap.default\">\n\t\t\t\t<div class=\"elementor-widget-container\">\n\t\t\t\t\t        <div class=\"salesPoints\">\r\n            <div class=\"container\">\r\n                \r\n                <div id=\"salesmap\" class=\"sales-map\">\r\n                    <div class=\"row\">\r\n                        <div class=\"col-12 col-md-5\">\r\n                            <div class=\"company-adress\">\r\n                                <h1 class=\"title noborder\">Contact<\/h1>\r\n                                <div class=\"contact-us\">\r\n                                    <p><strong>Head Office<\/strong><\/p><p><b>OYAK Dragos Plaza<\/b>, Cevizli Mahallesi, Tugay Yolu Caddesi No:10 C Blok Kat:14-15-16 Maltepe\/\u0130stanbul<\/p><p>\u00a0<\/p><p><strong>Phone Number<\/strong><\/p><p><a href=\"tel:+902162654300\">+90 216 265 43 00<\/a><\/p><p>\u00a0<\/p><p><strong>Milangaz Call Center<\/strong><\/p><p><a href=\"tel:4440120\">444 0 120<\/a><\/p>                                <\/div>\r\n                            <\/div>\r\n                        <\/div>\r\n                        <div class=\"col-12 col-md-7\">\r\n                            <div class=\"map\">\r\n                                <iframe style=\"border: 0;\" src=\"https:\/\/www.google.com\/maps\/embed?pb=!1m18!1m12!1m3!1d753.7350973855333!2d29.157100376013442!3d40.91705289359541!2m3!1f0!2f0!3f0!3m2!1i1024!2i768!4f13.1!3m3!1m2!1s0x14cac5fd929a15e5%3A0x506de10e54f2f623!2sOYAK%20Dragos!5e0!3m2!1str!2str!4v1688668135972!5m2!1str!2str\" width=\"600\" height=\"450\" allowfullscreen=\"allowfullscreen\"><\/iframe>                            <\/div>\r\n                        <\/div>\r\n                    <\/div>\r\n                <\/div>\r\n            <\/div>\r\n        <\/div>\r\n        \t\t\t\t<\/div>\n\t\t\t\t<\/div>\n\t\t\t\t<div class=\"elementor-element elementor-element-d1b4f78 elementor-widget elementor-widget-spacer\" data-id=\"d1b4f78\" data-element_type=\"widget\" data-e-type=\"widget\" data-widget_type=\"spacer.default\">\n\t\t\t\t\t\t\t<div class=\"elementor-spacer\">\n\t\t\t<div class=\"elementor-spacer-inner\"><\/div>\n\t\t<\/div>\n\t\t\t\t\t\t<\/div>\n\t\t\t\t<div class=\"elementor-element elementor-element-7f26b7e elementor-widget elementor-widget-contactus\" data-id=\"7f26b7e\" data-element_type=\"widget\" data-e-type=\"widget\" data-widget_type=\"contactus.default\">\n\t\t\t\t<div class=\"elementor-widget-container\">\n\t\t\t\t\t        <div class=\"contactUs\">\n            <div class=\"container\">\n                <div class=\"row\">\n                    <div class=\"col-12 col-lg-5 align-self-end\">\n                        <div class=\"contact-img\">\n                            <img decoding=\"async\" width=\"555\" height=\"602\" src=\"data:image\/svg+xml,%3Csvg%20xmlns%3D&#039;http%3A%2F%2Fwww.w3.org%2F2000%2Fsvg&#039;%20width%3D&#039;555&#039;%20height%3D&#039;602&#039;%20viewBox%3D&#039;0%200%20360%20320&#039;%2F%3E\" class=\"img lazyload\" alt=\"\" srcset=\"\" sizes=\"(max-width: 555px) 100vw, 555px\" data-src=\"https:\/\/milangaz.com.tr\/wp-content\/uploads\/2023\/02\/contact-profile.png\" data-srcset=\"https:\/\/milangaz.com.tr\/wp-content\/uploads\/2023\/02\/contact-profile.png 555w, https:\/\/milangaz.com.tr\/wp-content\/uploads\/2023\/02\/contact-profile-277x300.png 277w\" \/>                        <\/div>\n                    <\/div>\n\n                    <div class=\"col-12 col-lg-7\">\n                        <div class=\"contact-box\">\n                                <h3 class=\"title\">Contact Us<\/h3>\r\n\r\n    <form action=\"\" method=\"post\" id=\"contactform\"\r\n          data-title=\"Contact\"\r\n          data-permalink=\"https:\/\/milangaz.com.tr\/en\/contact\/\">\r\n\r\n        <div class=\"input-t d-flex\">\r\n            <input type=\"text\" id=\"ctname\" name=\"ctname\"\r\n                   placeholder=\"First name*\"\r\n                   required>\r\n            <input type=\"text\" id=\"ctsurname\" name=\"ctsurname\"\r\n                   placeholder=\"Last name*\"\r\n                   required>\r\n        <\/div>\r\n\r\n        <div class=\"input-t d-flex\">\r\n            <input type=\"tel\" id=\"ctphone\" name=\"ctphone\"\r\n                   placeholder=\"Phone number*\"\r\n                   autocomplete=\"tel\" inputmode=\"tel\"\r\n                   required>\r\n            <input type=\"email\" id=\"ctmail\" name=\"ctmail\"\r\n                   placeholder=\"Email address\">\r\n        <\/div>\r\n\r\n        <div class=\"input-t\">\r\n            <textarea id=\"ctmessage\" name=\"ctmessage\" rows=\"4\"\r\n                      placeholder=\"Message*\"\r\n                      required><\/textarea>\r\n        <\/div>\r\n\r\n        <div class=\"input-t d-flex align-items-center\">\r\n            <input type=\"checkbox\" name=\"ctcheck\" id=\"ctcheck\" class=\"styled-checkbox\" required>\r\n            <label for=\"ctcheck\">By submitting this form, I accept and declare that I consent to the processing of my personal and special categories of personal data by Milangaz.*<\/label>\r\n            <button type=\"submit\">Send<\/button>\r\n        <\/div>\r\n    <\/form>\r\n\r\n    <div class=\"contactNonce\" data-nonce=\"9b340010da\"><\/div>\r\n\r\n    <script>\r\n        document.addEventListener('DOMContentLoaded', function () {\r\n            const getForm   = selector(\"#contactform\");\r\n            const dataNonce = getDataset(\".contactNonce\", \"nonce\");\r\n            const ajax      = new AjaxForm();\r\n\r\n            getForm.addEventListener('submit', function (e) {\r\n                e.preventDefault();\r\n\r\n                \/\/ Telefon alan\u0131 zorunlu; ek uzunluk k\u0131s\u0131t\u0131 yok\r\n                const formData = new FormData(getForm);\r\n                const info = getForm.dataset;\r\n\r\n                formData.append('action', 'contact_form');\r\n                formData.append('security', dataNonce);\r\n                formData.append('thetitle', info.title);\r\n                formData.append('thepermalink', info.permalink);\r\n\r\n                ajax.fetchForm(formData, getForm);\r\n            });\r\n\r\n            \/\/ TR sayfalar\u0131nda maske kals\u0131n, EN sayfada \u00e7al\u0131\u015fmas\u0131n\r\n            \r\n            customValidation(\"ctcheck\");\r\n        });\r\n    <\/script>\r\n                            <\/div>\n                    <\/div>\n                <\/div>\n            <\/div>\n        <\/div>\n        \t\t\t\t<\/div>\n\t\t\t\t<\/div>\n\t\t\t\t<\/div>\n\t\t\t\t<\/div>\n\t\t","protected":false},"excerpt":{"rendered":"<p>\u0130leti\u015fim Head Office OYAK Dragos Plaza, Cevizli Mahallesi, Tugay Yolu Caddesi No:10 C Blok Kat:14-15-16 Maltepe\/\u0130stanbul Phone Number +90 216 265 43 00 Milangaz Call Center 444 0 120 Bizimle \u0130leti\u015fime Ge\u00e7in Yukar\u0131daki formu doldurarak Milangaz ile payla\u015ft\u0131\u011f\u0131m ki\u015fisel ve \u00f6zel nitelikli ki\u015fisel verilerin i\u015flenmesine muvafakat etti\u011fimi kabul, beyan ve taahh\u00fct ederim.* G\u00f6nder<\/p>\n","protected":false},"author":1,"featured_media":0,"parent":0,"menu_order":0,"comment_status":"closed","ping_status":"closed","template":"","meta":{"_acf_changed":false,"footnotes":""},"class_list":["post-2661","page","type-page","status-publish","hentry"],"acf":[],"yoast_head":"<!-- This site is optimized with the Yoast SEO plugin v27.3 - https:\/\/yoast.com\/product\/yoast-seo-wordpress\/ -->\n<title>Contact Us | Our Contact Information | Milangaz<\/title>\n<meta name=\"description\" content=\"Reach us by 444 0 120 or by filling out the contact form on this page.\" \/>\n<meta name=\"robots\" content=\"index, follow, max-snippet:-1, max-image-preview:large, max-video-preview:-1\" \/>\n<link rel=\"canonical\" href=\"https:\/\/milangaz.com.tr\/en\/contact\/\" \/>\n<meta property=\"og:locale\" content=\"en_US\" \/>\n<meta property=\"og:type\" content=\"article\" \/>\n<meta property=\"og:title\" content=\"Contact Us | Our Contact Information | Milangaz\" \/>\n<meta property=\"og:description\" content=\"Reach us by 444 0 120 or by filling out the contact form on this page.\" \/>\n<meta property=\"og:url\" content=\"https:\/\/milangaz.com.tr\/en\/contact\/\" \/>\n<meta property=\"og:site_name\" content=\"Milangaz\" \/>\n<meta property=\"article:publisher\" content=\"https:\/\/www.facebook.com\/milangaz\" \/>\n<meta property=\"article:modified_time\" content=\"2023-11-24T09:37:00+00:00\" \/>\n<meta property=\"og:image\" content=\"https:\/\/milangaz.com.tr\/wp-content\/uploads\/2023\/02\/contact-profile.png\" \/>\n<meta name=\"twitter:card\" content=\"summary_large_image\" \/>\n<meta name=\"twitter:site\" content=\"@milangaz\" \/>\n<meta name=\"twitter:label1\" content=\"Est. reading time\" \/>\n\t<meta name=\"twitter:data1\" content=\"1 minute\" \/>\n<script type=\"application\/ld+json\" class=\"yoast-schema-graph\">{\"@context\":\"https:\\\/\\\/schema.org\",\"@graph\":[{\"@type\":\"WebPage\",\"@id\":\"https:\\\/\\\/milangaz.com.tr\\\/en\\\/contact\\\/\",\"url\":\"https:\\\/\\\/milangaz.com.tr\\\/en\\\/contact\\\/\",\"name\":\"Contact Us | Our Contact Information | Milangaz\",\"isPartOf\":{\"@id\":\"https:\\\/\\\/milangaz.com.tr\\\/en\\\/#website\"},\"primaryImageOfPage\":{\"@id\":\"https:\\\/\\\/milangaz.com.tr\\\/en\\\/contact\\\/#primaryimage\"},\"image\":{\"@id\":\"https:\\\/\\\/milangaz.com.tr\\\/en\\\/contact\\\/#primaryimage\"},\"thumbnailUrl\":\"https:\\\/\\\/milangaz.com.tr\\\/wp-content\\\/uploads\\\/2023\\\/02\\\/contact-profile.png\",\"datePublished\":\"2023-03-23T12:32:52+00:00\",\"dateModified\":\"2023-11-24T09:37:00+00:00\",\"description\":\"Reach us by 444 0 120 or by filling out the contact form on this page.\",\"breadcrumb\":{\"@id\":\"https:\\\/\\\/milangaz.com.tr\\\/en\\\/contact\\\/#breadcrumb\"},\"inLanguage\":\"en-US\",\"potentialAction\":[{\"@type\":\"ReadAction\",\"target\":[\"https:\\\/\\\/milangaz.com.tr\\\/en\\\/contact\\\/\"]}]},{\"@type\":\"ImageObject\",\"inLanguage\":\"en-US\",\"@id\":\"https:\\\/\\\/milangaz.com.tr\\\/en\\\/contact\\\/#primaryimage\",\"url\":\"https:\\\/\\\/milangaz.com.tr\\\/wp-content\\\/uploads\\\/2023\\\/02\\\/contact-profile.png\",\"contentUrl\":\"https:\\\/\\\/milangaz.com.tr\\\/wp-content\\\/uploads\\\/2023\\\/02\\\/contact-profile.png\"},{\"@type\":\"BreadcrumbList\",\"@id\":\"https:\\\/\\\/milangaz.com.tr\\\/en\\\/contact\\\/#breadcrumb\",\"itemListElement\":[{\"@type\":\"ListItem\",\"position\":1,\"name\":\"Anasayfa\",\"item\":\"https:\\\/\\\/milangaz.com.tr\\\/en\\\/\"},{\"@type\":\"ListItem\",\"position\":2,\"name\":\"Contact\"}]},{\"@type\":\"WebSite\",\"@id\":\"https:\\\/\\\/milangaz.com.tr\\\/en\\\/#website\",\"url\":\"https:\\\/\\\/milangaz.com.tr\\\/en\\\/\",\"name\":\"Milangaz\",\"description\":\"T\u00fcpgaz-Otogaz-D\u00f6kmegaz\",\"publisher\":{\"@id\":\"https:\\\/\\\/milangaz.com.tr\\\/en\\\/#organization\"},\"potentialAction\":[{\"@type\":\"SearchAction\",\"target\":{\"@type\":\"EntryPoint\",\"urlTemplate\":\"https:\\\/\\\/milangaz.com.tr\\\/en\\\/?s={search_term_string}\"},\"query-input\":{\"@type\":\"PropertyValueSpecification\",\"valueRequired\":true,\"valueName\":\"search_term_string\"}}],\"inLanguage\":\"en-US\"},{\"@type\":\"Organization\",\"@id\":\"https:\\\/\\\/milangaz.com.tr\\\/en\\\/#organization\",\"name\":\"Milangaz\",\"url\":\"https:\\\/\\\/milangaz.com.tr\\\/en\\\/\",\"logo\":{\"@type\":\"ImageObject\",\"inLanguage\":\"en-US\",\"@id\":\"https:\\\/\\\/milangaz.com.tr\\\/en\\\/#\\\/schema\\\/logo\\\/image\\\/\",\"url\":\"https:\\\/\\\/milangaz.com.tr\\\/wp-content\\\/uploads\\\/2023\\\/08\\\/milangaz_logo.svg\",\"contentUrl\":\"https:\\\/\\\/milangaz.com.tr\\\/wp-content\\\/uploads\\\/2023\\\/08\\\/milangaz_logo.svg\",\"width\":235,\"height\":56,\"caption\":\"Milangaz\"},\"image\":{\"@id\":\"https:\\\/\\\/milangaz.com.tr\\\/en\\\/#\\\/schema\\\/logo\\\/image\\\/\"},\"sameAs\":[\"https:\\\/\\\/www.facebook.com\\\/milangaz\",\"https:\\\/\\\/x.com\\\/milangaz\",\"https:\\\/\\\/www.instagram.com\\\/milangaz\",\"https:\\\/\\\/www.youtube.com\\\/channel\\\/UC67jWQ02yog6s2HA3Cn2_bg\",\"https:\\\/\\\/www.linkedin.com\\\/company\\\/milangaz\\\/?viewAsMember=true\"]}]}<\/script>\n<!-- \/ Yoast SEO plugin. -->","yoast_head_json":{"title":"Contact Us | Our Contact Information | Milangaz","description":"Reach us by 444 0 120 or by filling out the contact form on this page.","robots":{"index":"index","follow":"follow","max-snippet":"max-snippet:-1","max-image-preview":"max-image-preview:large","max-video-preview":"max-video-preview:-1"},"canonical":"https:\/\/milangaz.com.tr\/en\/contact\/","og_locale":"en_US","og_type":"article","og_title":"Contact Us | Our Contact Information | Milangaz","og_description":"Reach us by 444 0 120 or by filling out the contact form on this page.","og_url":"https:\/\/milangaz.com.tr\/en\/contact\/","og_site_name":"Milangaz","article_publisher":"https:\/\/www.facebook.com\/milangaz","article_modified_time":"2023-11-24T09:37:00+00:00","og_image":[{"url":"https:\/\/milangaz.com.tr\/wp-content\/uploads\/2023\/02\/contact-profile.png","type":"","width":"","height":""}],"twitter_card":"summary_large_image","twitter_site":"@milangaz","twitter_misc":{"Est. reading time":"1 minute"},"schema":{"@context":"https:\/\/schema.org","@graph":[{"@type":"WebPage","@id":"https:\/\/milangaz.com.tr\/en\/contact\/","url":"https:\/\/milangaz.com.tr\/en\/contact\/","name":"Contact Us | Our Contact Information | Milangaz","isPartOf":{"@id":"https:\/\/milangaz.com.tr\/en\/#website"},"primaryImageOfPage":{"@id":"https:\/\/milangaz.com.tr\/en\/contact\/#primaryimage"},"image":{"@id":"https:\/\/milangaz.com.tr\/en\/contact\/#primaryimage"},"thumbnailUrl":"https:\/\/milangaz.com.tr\/wp-content\/uploads\/2023\/02\/contact-profile.png","datePublished":"2023-03-23T12:32:52+00:00","dateModified":"2023-11-24T09:37:00+00:00","description":"Reach us by 444 0 120 or by filling out the contact form on this page.","breadcrumb":{"@id":"https:\/\/milangaz.com.tr\/en\/contact\/#breadcrumb"},"inLanguage":"en-US","potentialAction":[{"@type":"ReadAction","target":["https:\/\/milangaz.com.tr\/en\/contact\/"]}]},{"@type":"ImageObject","inLanguage":"en-US","@id":"https:\/\/milangaz.com.tr\/en\/contact\/#primaryimage","url":"https:\/\/milangaz.com.tr\/wp-content\/uploads\/2023\/02\/contact-profile.png","contentUrl":"https:\/\/milangaz.com.tr\/wp-content\/uploads\/2023\/02\/contact-profile.png"},{"@type":"BreadcrumbList","@id":"https:\/\/milangaz.com.tr\/en\/contact\/#breadcrumb","itemListElement":[{"@type":"ListItem","position":1,"name":"Anasayfa","item":"https:\/\/milangaz.com.tr\/en\/"},{"@type":"ListItem","position":2,"name":"Contact"}]},{"@type":"WebSite","@id":"https:\/\/milangaz.com.tr\/en\/#website","url":"https:\/\/milangaz.com.tr\/en\/","name":"Milangaz","description":"T\u00fcpgaz-Otogaz-D\u00f6kmegaz","publisher":{"@id":"https:\/\/milangaz.com.tr\/en\/#organization"},"potentialAction":[{"@type":"SearchAction","target":{"@type":"EntryPoint","urlTemplate":"https:\/\/milangaz.com.tr\/en\/?s={search_term_string}"},"query-input":{"@type":"PropertyValueSpecification","valueRequired":true,"valueName":"search_term_string"}}],"inLanguage":"en-US"},{"@type":"Organization","@id":"https:\/\/milangaz.com.tr\/en\/#organization","name":"Milangaz","url":"https:\/\/milangaz.com.tr\/en\/","logo":{"@type":"ImageObject","inLanguage":"en-US","@id":"https:\/\/milangaz.com.tr\/en\/#\/schema\/logo\/image\/","url":"https:\/\/milangaz.com.tr\/wp-content\/uploads\/2023\/08\/milangaz_logo.svg","contentUrl":"https:\/\/milangaz.com.tr\/wp-content\/uploads\/2023\/08\/milangaz_logo.svg","width":235,"height":56,"caption":"Milangaz"},"image":{"@id":"https:\/\/milangaz.com.tr\/en\/#\/schema\/logo\/image\/"},"sameAs":["https:\/\/www.facebook.com\/milangaz","https:\/\/x.com\/milangaz","https:\/\/www.instagram.com\/milangaz","https:\/\/www.youtube.com\/channel\/UC67jWQ02yog6s2HA3Cn2_bg","https:\/\/www.linkedin.com\/company\/milangaz\/?viewAsMember=true"]}]}},"_links":{"self":[{"href":"https:\/\/milangaz.com.tr\/en\/wp-json\/wp\/v2\/pages\/2661","targetHints":{"allow":["GET"]}}],"collection":[{"href":"https:\/\/milangaz.com.tr\/en\/wp-json\/wp\/v2\/pages"}],"about":[{"href":"https:\/\/milangaz.com.tr\/en\/wp-json\/wp\/v2\/types\/page"}],"author":[{"embeddable":true,"href":"https:\/\/milangaz.com.tr\/en\/wp-json\/wp\/v2\/users\/1"}],"replies":[{"embeddable":true,"href":"https:\/\/milangaz.com.tr\/en\/wp-json\/wp\/v2\/comments?post=2661"}],"version-history":[{"count":8,"href":"https:\/\/milangaz.com.tr\/en\/wp-json\/wp\/v2\/pages\/2661\/revisions"}],"predecessor-version":[{"id":3774,"href":"https:\/\/milangaz.com.tr\/en\/wp-json\/wp\/v2\/pages\/2661\/revisions\/3774"}],"wp:attachment":[{"href":"https:\/\/milangaz.com.tr\/en\/wp-json\/wp\/v2\/media?parent=2661"}],"curies":[{"name":"wp","href":"https:\/\/api.w.org\/{rel}","templated":true}]}}