{"id":2664,"date":"2023-03-17T09:13:40","date_gmt":"2023-03-17T06:13:40","guid":{"rendered":"https:\/\/milangaz.com.tr\/otogaz-bayilik-talebi\/"},"modified":"2023-11-24T12:41:50","modified_gmt":"2023-11-24T09:41:50","slug":"dealer-request-form","status":"publish","type":"page","link":"https:\/\/milangaz.com.tr\/en\/autogas\/dealer-request-form\/","title":{"rendered":"Autogas Gas Dealership Request"},"content":{"rendered":"\t\t<div data-elementor-type=\"wp-page\" data-elementor-id=\"2664\" class=\"elementor elementor-2664\" data-elementor-post-type=\"page\">\n\t\t\t\t<div class=\"elementor-element elementor-element-0435a3f e-con-full e-flex e-con e-parent\" data-id=\"0435a3f\" data-element_type=\"container\" data-e-type=\"container\">\n\t\t\t\t<div class=\"elementor-element elementor-element-05e43ba elementor-widget elementor-widget-pagedetails\" data-id=\"05e43ba\" data-element_type=\"widget\" data-e-type=\"widget\" data-widget_type=\"pagedetails.default\">\n\t\t\t\t<div class=\"elementor-widget-container\">\n\t\t\t\t\t        <style>\r\n            .page-editor .content p em {\r\n                font-style: italic;\r\n                font-family: \"Helvetica-neue\";\r\n            }\r\n        <\/style>\r\n        <div class=\"pageHead d-flex\">\r\n                    <\/div>\r\n\r\n        <div class=\"container\">\r\n            <div class=\"page-editor\">\r\n                <div class=\"content noborder\">\r\n                    <h1 class=\"title\">Autogas Gas Dealership Request<\/h1><p>You can contact us by calling <a href=\"tel:4440120\"><strong class=\"primary\">444 0 120<\/strong><\/a> or you can reach us by filling out the form below.<\/p>                <\/div>\r\n            <\/div>\r\n        <\/div>\r\n        \t\t\t\t<\/div>\n\t\t\t\t<\/div>\n\t\t\t\t<div class=\"elementor-element elementor-element-3ccf9c9 elementor-widget elementor-widget-dealership\" data-id=\"3ccf9c9\" data-element_type=\"widget\" data-e-type=\"widget\" data-widget_type=\"dealership.default\">\n\t\t\t\t<div class=\"elementor-widget-container\">\n\t\t\t\t\t        <style>\r\n            body:not(.home).page-template-default main .noborder .title {\r\n                margin-bottom: 50px;\r\n            }\r\n            @media (max-width: 992px){\r\n                body:not(.home).page-template-default main .noborder .title {\r\n                    margin-bottom: 35px;\r\n                }\r\n                body .dealerShip {\r\n                    padding: 35px 0 0;\r\n                }\r\n\r\n                body .dealerShip form .submit_button button {\r\n                    width: 100%;\r\n                }\r\n            }\r\n        <\/style>\r\n        <div class=\"dealerShip\">\r\n            <div class=\"container\">\r\n                <form action=\"\" method=\"post\" id=\"dealerform\"\r\n                      data-title=\"Autogas Gas Dealership Request\"\r\n                      data-permalink=\"https:\/\/milangaz.com.tr\/en\/autogas\/dealer-request-form\/\">\r\n                    <div class=\"row\">\r\n                        <div class=\"col-12 col-lg-6\">\r\n                            <div class=\"d-grid\">\r\n                                <div class=\"input-box\">\r\n                                    <label for=\"ctname\">Ad*<\/label>\r\n                                    <input type=\"text\" name=\"ctname\" placeholder=\"Ad*\" id=\"ctname\" required>\r\n                                <\/div>\r\n\r\n                                <div class=\"input-box\">\r\n                                    <label for=\"ctsurname\">Soyad*<\/label>\r\n                                    <input type=\"text\" name=\"ctsurname\" placeholder=\"Soyad*\" id=\"ctsurname\" required>\r\n                                <\/div>\r\n\r\n                                <div class=\"input-box\">\r\n                                    <label for=\"ctphone\">Telefon numaras\u0131*<\/label>\r\n                                    <input type=\"tel\" data-message=\"L\u00fctfen en az 10 haneli bir telefon numaras\u0131 girin.\"\r\n                                           name=\"ctphone\" placeholder=\"0(5xx) xxx xx xx*\" id=\"ctphone\" maxlength=\"16\" required>\r\n                                <\/div>\r\n\r\n                                <div class=\"input-box\">\r\n                                    <label for=\"ctmail\">Mail Adresi<\/label>\r\n                                    <input type=\"email\" name=\"ctmail\" placeholder=\"Mail adresi\" id=\"ctmail\">\r\n                                <\/div>\r\n\r\n                                <div class=\"input-box\">\r\n                                    <label for=\"iller\">\u0130l*<\/label>\r\n\r\n                                    <select class=\"format_option\" name=\"iller\" id=\"iller\" required>\r\n                                        <option value=\"\" selected disabled>Se\u00e7iniz<\/option>\r\n                                        <option value=\"01\">ADANA<\/option><option value=\"02\">ADIYAMAN<\/option><option value=\"03\">AFYONKARAH\u0130SAR<\/option><option value=\"04\">A\u011eRI<\/option><option value=\"68\">AKSARAY<\/option><option value=\"05\">AMASYA<\/option><option value=\"06\">ANKARA<\/option><option value=\"07\">ANTALYA<\/option><option value=\"75\">ARDAHAN<\/option><option value=\"08\">ARTV\u0130N<\/option><option value=\"09\">AYDIN<\/option><option value=\"10\">BALIKES\u0130R<\/option><option value=\"74\">BARTIN<\/option><option value=\"72\">BATMAN<\/option><option value=\"69\">BAYBURT<\/option><option value=\"11\">B\u0130LEC\u0130K<\/option><option value=\"12\">B\u0130NG\u00d6L<\/option><option value=\"13\">B\u0130TL\u0130S<\/option><option value=\"14\">BOLU<\/option><option value=\"15\">BURDUR<\/option><option value=\"16\">BURSA<\/option><option value=\"17\">\u00c7ANAKKALE<\/option><option value=\"18\">\u00c7ANKIRI<\/option><option value=\"19\">\u00c7ORUM<\/option><option value=\"20\">DEN\u0130ZL\u0130<\/option><option value=\"21\">D\u0130YARBAKIR<\/option><option value=\"81\">D\u00dcZCE<\/option><option value=\"22\">ED\u0130RNE<\/option><option value=\"23\">ELAZI\u011e<\/option><option value=\"24\">ERZ\u0130NCAN<\/option><option value=\"25\">ERZURUM<\/option><option value=\"26\">ESK\u0130\u015eEH\u0130R<\/option><option value=\"27\">GAZ\u0130ANTEP<\/option><option value=\"28\">G\u0130RESUN<\/option><option value=\"29\">G\u00dcM\u00dc\u015eHANE<\/option><option value=\"30\">HAKKAR\u0130<\/option><option value=\"31\">HATAY<\/option><option value=\"76\">I\u011eDIR<\/option><option value=\"32\">ISPARTA<\/option><option value=\"34\">\u0130STANBUL-ANADOLU<\/option><option value=\"134\">\u0130STANBUL-AVRUPA<\/option><option value=\"35\">\u0130ZM\u0130R<\/option><option value=\"46\">KAHRAMANMARA\u015e<\/option><option value=\"78\">KARAB\u00dcK<\/option><option value=\"70\">KARAMAN<\/option><option value=\"36\">KARS<\/option><option value=\"37\">KASTAMONU<\/option><option value=\"38\">KAYSER\u0130<\/option><option value=\"71\">KIRIKKALE<\/option><option value=\"39\">KIRKLAREL\u0130<\/option><option value=\"40\">KIR\u015eEH\u0130R<\/option><option value=\"79\">K\u0130L\u0130S<\/option><option value=\"41\">KOCAEL\u0130<\/option><option value=\"42\">KONYA<\/option><option value=\"43\">K\u00dcTAHYA<\/option><option value=\"44\">MALATYA<\/option><option value=\"45\">MAN\u0130SA<\/option><option value=\"47\">MARD\u0130N<\/option><option value=\"33\">MERS\u0130N<\/option><option value=\"48\">MU\u011eLA<\/option><option value=\"49\">MU\u015e<\/option><option value=\"50\">NEV\u015eEH\u0130R<\/option><option value=\"51\">N\u0130\u011eDE<\/option><option value=\"52\">ORDU<\/option><option value=\"80\">OSMAN\u0130YE<\/option><option value=\"53\">R\u0130ZE<\/option><option value=\"54\">SAKARYA<\/option><option value=\"55\">SAMSUN<\/option><option value=\"56\">S\u0130\u0130RT<\/option><option value=\"57\">S\u0130NOP<\/option><option value=\"58\">S\u0130VAS<\/option><option value=\"63\">\u015eANLIURFA<\/option><option value=\"73\">\u015eIRNAK<\/option><option value=\"59\">TEK\u0130RDA\u011e<\/option><option value=\"60\">TOKAT<\/option><option value=\"61\">TRABZON<\/option><option value=\"62\">TUNCEL\u0130<\/option><option value=\"64\">U\u015eAK<\/option><option value=\"65\">VAN<\/option><option value=\"77\">YALOVA<\/option><option value=\"66\">YOZGAT<\/option><option value=\"67\">ZONGULDAK<\/option>                                    <\/select>\r\n                                <\/div>\r\n\r\n                                <div class=\"input-box\">\r\n                                    <label for=\"ilceler\">\u0130l\u00e7e*<\/label>\r\n                                    <select class=\"format_option\" name=\"ilceler\" id=\"ilceler\" required>\r\n                                        <option value=\"\" selected disabled>Se\u00e7iniz<\/option>\r\n                                    <\/select>\r\n                                <\/div>\r\n\r\n                                <div class=\"input-box\">\r\n                                    <label for=\"mahalleler\">Mahalle*<\/label>\r\n                                    <select class=\"format_option\" name=\"mahalleler\" id=\"mahalleler\" required>\r\n                                        <option value=\"\" selected disabled>Se\u00e7iniz<\/option>\r\n                                    <\/select>\r\n                                <\/div>\r\n                            <\/div>\r\n                        <\/div>\r\n\r\n                        <div class=\"col-12 col-lg-6 input-box\">\r\n                            <label for=\"ctmessage\">Mesaj*<\/label>\r\n                            <textarea name=\"ctmessage\" rows=\"7\" placeholder=\"Mesaj*\" id=\"ctmessage\" required><\/textarea>\r\n                        <\/div>\r\n                    <\/div>\r\n\r\n                    <div class=\"input-t d-flex align-items-center mb-3\">\r\n                        <input type=\"checkbox\" name=\"ctcheck\" id=\"ctcheck\" class=\"styled-checkbox\" required>\r\n                        <label for=\"ctcheck\"><p>I have read the <a href=\"\/en\/clarification-text-request-form\/\" target=\"_blank\" rel=\"noopener\"><strong>Clarification Text<\/strong><\/a> regarding the processing of my personal data.<\/p><\/label>\r\n                    <\/div>\r\n\r\n                    <div class=\"input-t d-flex align-items-center\">\r\n                        <input type=\"checkbox\" name=\"ctcheck2\" id=\"ctcheck2\" class=\"styled-checkbox\">\r\n                        <label for=\"ctcheck2\"><p>In accordance with the <a href=\"\/en\/commercial-electronic-message\/\" target=\"_blank\" rel=\"noopener\"><span style=\"text-decoration: underline;\"><strong>Consent Statement for Sending Commercial Electronic Messages<\/strong><\/span><\/a>, I agree to receive commercial electronic messages for campaign, advertisement and promotional purposes.<\/p><\/label>\r\n                    <\/div>\r\n\r\n                    <div class=\"submit_button\">\r\n                        <button type=\"submit\">G\u00f6nder<\/button>\r\n                    <\/div>\r\n                <\/form>\r\n                <div class=\"dealerNonce\" data-nonce=\"5b9d09263c\"><\/div>\r\n            <\/div>\r\n        <\/div>\r\n        <script>\r\n            document.addEventListener('DOMContentLoaded', function(){\r\n                const contactDealerForm = selector('#dealerform')\r\n                const cities = selector('#iller')\r\n                const districts = selector('#ilceler')\r\n                const neighborhoods = selector('#mahalleler')\r\n                const dataNonce = getDataset(\".dealerNonce\", \"nonce\")\r\n                const ajax = new AjaxForm()\r\n\r\n                \/\/ cities change action\r\n                cities.addEventListener('change', (e) => {\r\n                    const cityCode = cities.value\r\n                    const selectedOption = \"Se\u00e7iniz\"\r\n                    const selectOption = e.target.options[e.target.selectedIndex]\r\n\r\n                    const data = {\r\n                        'action': 'get_tocity_code',\r\n                        'city_code': cityCode,\r\n                    }\r\n\r\n                    \/\/ reset neighborhoods select\r\n                    neighborhoods.innerHTML = `<option value=\"\" selected=\"\" disabled=\"\">${selectedOption}<\/option>`\r\n                    \/\/ loading class\r\n                    contactDealerForm.classList.add('loading')\r\n                    \/\/ format cities name\r\n                    cities.setAttribute('data-city', selectOption.text)\r\n\r\n                    \/\/ API 1\r\n                    fetch('https:\/\/milangaz.com.tr\/wp-admin\/admin-ajax.php', {\r\n                        method: 'POST',\r\n                        body: new URLSearchParams(data)\r\n                    })\r\n                        .then(response => response.json())\r\n                        .then(data => {\r\n                            contactDealerForm.classList.remove('loading')\r\n\r\n                            data.sort((a, b) => a.name.localeCompare(b.name))\r\n\r\n                            let optionsHTML = districts.querySelector('option:first-of-type').outerHTML\r\n                            data.forEach(item => {\r\n                                optionsHTML += `<option value=\"${item.code}\">${item.name}<\/option>`;\r\n                            })\r\n                            districts.innerHTML = optionsHTML;\r\n                        })\r\n                        .catch(error => {\r\n                            contactDealerForm.classList.remove('loading')\r\n                            console.log('D\u00f6nen veri:', error.response);\r\n                        })\r\n                })\r\n\r\n                \/\/ districts change action\r\n                districts.addEventListener('change', (e) => {\r\n                    const districtCode = districts.value;\r\n\r\n                    const data = {\r\n                        'action': 'get_todistricts_code',\r\n                        'district_code': districtCode,\r\n                    }\r\n\r\n                    contactDealerForm.classList.add('loading')\r\n\r\n                    \/\/ format districts name\r\n                    const selectDistricts = e.target.options[e.target.selectedIndex].text\r\n                    districts.setAttribute('data-districts', selectDistricts)\r\n\r\n                    fetch('https:\/\/milangaz.com.tr\/wp-admin\/admin-ajax.php', {\r\n                        method: 'POST',\r\n                        body: new URLSearchParams(data)\r\n                    })\r\n                        .then(response => response.json())\r\n                        .then(data => {\r\n                            contactDealerForm.classList.remove('loading')\r\n\r\n                            data.sort((a, b) => a.name.localeCompare(b.name))\r\n\r\n                            let optionsHTML = neighborhoods.querySelector('option:first-of-type').outerHTML\r\n                            data.forEach(item => {\r\n                                optionsHTML += `<option value=\"${item.code}\">${item.name}<\/option>`\r\n                            })\r\n                            neighborhoods.innerHTML = optionsHTML\r\n                        })\r\n                        .catch(error => {\r\n                            console.log('D\u00f6nen veri:', error.response)\r\n                            console.error('Hata:', error)\r\n                        })\r\n                })\r\n\r\n                \/\/ neighborhoods change action\r\n                neighborhoods.addEventListener('change', (e) => {\r\n                    \/\/ format districts name\r\n                    const selectNeighborhoods = e.target.options[e.target.selectedIndex].text\r\n                    neighborhoods.setAttribute('data-neighborhoods', selectNeighborhoods)\r\n                })\r\n\r\n                \/\/ Ajax mail\r\n                \/\/contactDealerForm.reset()\r\n                contactDealerForm.addEventListener('submit', function(e) {\r\n                    e.preventDefault()\r\n\r\n                    \/\/ minlenght phone\r\n                    const phoneControl = selector('#ctphone')\r\n                    if (phoneControl.value.replace(\/\\D\/g, \"\").length < 11) {\r\n                        ajax.messages('error', phoneControl.dataset.message)\r\n                        return false\r\n                    }\r\n\r\n                    const formData = new FormData(contactDealerForm)\r\n                    const {title, permalink} = contactDealerForm.dataset\r\n\r\n                    formData.append('action', 'dealer_form')\r\n                    formData.append('security', dataNonce)\r\n                    formData.append('thetitle', title)\r\n                    formData.append('thepermalink', permalink)\r\n\r\n                    formData.set('iller', cities.getAttribute('data-city'))\r\n                    formData.set('ilceler', districts.getAttribute('data-districts'))\r\n                    formData.set('mahalleler', neighborhoods.getAttribute('data-neighborhoods'))\r\n\r\n                    ajax.fetchForm(formData, contactDealerForm)\r\n                })\r\n\r\n                \/\/ phone control\r\n                phoneControl(\"ctphone\")\r\n\r\n                \/\/ custom valid\r\n                customValidation(\"ctcheck\")\r\n                customValidation(\"ctcheck2\")\r\n            })\r\n        <\/script>\r\n        \t\t\t\t<\/div>\n\t\t\t\t<\/div>\n\t\t\t\t<div class=\"elementor-element elementor-element-d1b4f78 elementor-widget elementor-widget-spacer\" data-id=\"d1b4f78\" data-element_type=\"widget\" data-e-type=\"widget\" data-widget_type=\"spacer.default\">\n\t\t\t\t\t\t\t<div class=\"elementor-spacer\">\n\t\t\t<div class=\"elementor-spacer-inner\"><\/div>\n\t\t<\/div>\n\t\t\t\t\t\t<\/div>\n\t\t\t\t<\/div>\n\t\t\t\t<\/div>\n\t\t","protected":false},"excerpt":{"rendered":"<p>.page-editor .content p em { font-style: italic; font-family: &#8220;Helvetica-neue&#8221;; } Autogas Gas Dealership Request You can contact us by calling 444 0 120 or you can reach us by filling out the form below. body:not(.home).page-template-default main .noborder .title { margin-bottom: 50px; } @media (max-width: 992px){ body:not(.home).page-template-default main .noborder .title { margin-bottom: 35px; } body .dealerShip [&hellip;]<\/p>\n","protected":false},"author":1,"featured_media":0,"parent":2670,"menu_order":0,"comment_status":"closed","ping_status":"closed","template":"","meta":{"_acf_changed":false,"footnotes":""},"class_list":["post-2664","page","type-page","status-publish","hentry"],"acf":[],"yoast_head":"<!-- This site is optimized with the Yoast SEO plugin v27.3 - https:\/\/yoast.com\/product\/yoast-seo-wordpress\/ -->\n<title>Autogas Dealership Request Form | Milangaz<\/title>\n<meta name=\"description\" content=\"Fill out Autogas Dealership Request Form form or dial 444 0 120.\" \/>\n<meta name=\"robots\" content=\"index, follow, max-snippet:-1, max-image-preview:large, max-video-preview:-1\" \/>\n<link rel=\"canonical\" href=\"https:\/\/milangaz.com.tr\/en\/autogas\/dealer-request-form\/\" \/>\n<meta property=\"og:locale\" content=\"en_US\" \/>\n<meta property=\"og:type\" content=\"article\" \/>\n<meta property=\"og:title\" content=\"Autogas Dealership Request Form | Milangaz\" \/>\n<meta property=\"og:description\" content=\"Fill out Autogas Dealership Request Form form or dial 444 0 120.\" \/>\n<meta property=\"og:url\" content=\"https:\/\/milangaz.com.tr\/en\/autogas\/dealer-request-form\/\" \/>\n<meta property=\"og:site_name\" content=\"Milangaz\" \/>\n<meta property=\"article:publisher\" content=\"https:\/\/www.facebook.com\/milangaz\" \/>\n<meta property=\"article:modified_time\" content=\"2023-11-24T09:41:50+00:00\" \/>\n<meta name=\"twitter:card\" content=\"summary_large_image\" \/>\n<meta name=\"twitter:site\" content=\"@milangaz\" \/>\n<meta name=\"twitter:label1\" content=\"Est. reading time\" \/>\n\t<meta name=\"twitter:data1\" content=\"1 minute\" \/>\n<script type=\"application\/ld+json\" class=\"yoast-schema-graph\">{\"@context\":\"https:\\\/\\\/schema.org\",\"@graph\":[{\"@type\":\"WebPage\",\"@id\":\"https:\\\/\\\/milangaz.com.tr\\\/en\\\/autogas\\\/dealer-request-form\\\/\",\"url\":\"https:\\\/\\\/milangaz.com.tr\\\/en\\\/autogas\\\/dealer-request-form\\\/\",\"name\":\"Autogas Dealership Request Form | Milangaz\",\"isPartOf\":{\"@id\":\"https:\\\/\\\/milangaz.com.tr\\\/en\\\/#website\"},\"datePublished\":\"2023-03-17T06:13:40+00:00\",\"dateModified\":\"2023-11-24T09:41:50+00:00\",\"description\":\"Fill out Autogas Dealership Request Form form or dial 444 0 120.\",\"breadcrumb\":{\"@id\":\"https:\\\/\\\/milangaz.com.tr\\\/en\\\/autogas\\\/dealer-request-form\\\/#breadcrumb\"},\"inLanguage\":\"en-US\",\"potentialAction\":[{\"@type\":\"ReadAction\",\"target\":[\"https:\\\/\\\/milangaz.com.tr\\\/en\\\/autogas\\\/dealer-request-form\\\/\"]}]},{\"@type\":\"BreadcrumbList\",\"@id\":\"https:\\\/\\\/milangaz.com.tr\\\/en\\\/autogas\\\/dealer-request-form\\\/#breadcrumb\",\"itemListElement\":[{\"@type\":\"ListItem\",\"position\":1,\"name\":\"Anasayfa\",\"item\":\"https:\\\/\\\/milangaz.com.tr\\\/en\\\/\"},{\"@type\":\"ListItem\",\"position\":2,\"name\":\"Autogas\",\"item\":\"https:\\\/\\\/milangaz.com.tr\\\/en\\\/otogaz\\\/\"},{\"@type\":\"ListItem\",\"position\":3,\"name\":\"Autogas Gas Dealership Request\"}]},{\"@type\":\"WebSite\",\"@id\":\"https:\\\/\\\/milangaz.com.tr\\\/en\\\/#website\",\"url\":\"https:\\\/\\\/milangaz.com.tr\\\/en\\\/\",\"name\":\"Milangaz\",\"description\":\"T\u00fcpgaz-Otogaz-D\u00f6kmegaz\",\"publisher\":{\"@id\":\"https:\\\/\\\/milangaz.com.tr\\\/en\\\/#organization\"},\"potentialAction\":[{\"@type\":\"SearchAction\",\"target\":{\"@type\":\"EntryPoint\",\"urlTemplate\":\"https:\\\/\\\/milangaz.com.tr\\\/en\\\/?s={search_term_string}\"},\"query-input\":{\"@type\":\"PropertyValueSpecification\",\"valueRequired\":true,\"valueName\":\"search_term_string\"}}],\"inLanguage\":\"en-US\"},{\"@type\":\"Organization\",\"@id\":\"https:\\\/\\\/milangaz.com.tr\\\/en\\\/#organization\",\"name\":\"Milangaz\",\"url\":\"https:\\\/\\\/milangaz.com.tr\\\/en\\\/\",\"logo\":{\"@type\":\"ImageObject\",\"inLanguage\":\"en-US\",\"@id\":\"https:\\\/\\\/milangaz.com.tr\\\/en\\\/#\\\/schema\\\/logo\\\/image\\\/\",\"url\":\"https:\\\/\\\/milangaz.com.tr\\\/wp-content\\\/uploads\\\/2023\\\/08\\\/milangaz_logo.svg\",\"contentUrl\":\"https:\\\/\\\/milangaz.com.tr\\\/wp-content\\\/uploads\\\/2023\\\/08\\\/milangaz_logo.svg\",\"width\":235,\"height\":56,\"caption\":\"Milangaz\"},\"image\":{\"@id\":\"https:\\\/\\\/milangaz.com.tr\\\/en\\\/#\\\/schema\\\/logo\\\/image\\\/\"},\"sameAs\":[\"https:\\\/\\\/www.facebook.com\\\/milangaz\",\"https:\\\/\\\/x.com\\\/milangaz\",\"https:\\\/\\\/www.instagram.com\\\/milangaz\",\"https:\\\/\\\/www.youtube.com\\\/channel\\\/UC67jWQ02yog6s2HA3Cn2_bg\",\"https:\\\/\\\/www.linkedin.com\\\/company\\\/milangaz\\\/?viewAsMember=true\"]}]}<\/script>\n<!-- \/ Yoast SEO plugin. -->","yoast_head_json":{"title":"Autogas Dealership Request Form | Milangaz","description":"Fill out Autogas Dealership Request Form form or dial 444 0 120.","robots":{"index":"index","follow":"follow","max-snippet":"max-snippet:-1","max-image-preview":"max-image-preview:large","max-video-preview":"max-video-preview:-1"},"canonical":"https:\/\/milangaz.com.tr\/en\/autogas\/dealer-request-form\/","og_locale":"en_US","og_type":"article","og_title":"Autogas Dealership Request Form | Milangaz","og_description":"Fill out Autogas Dealership Request Form form or dial 444 0 120.","og_url":"https:\/\/milangaz.com.tr\/en\/autogas\/dealer-request-form\/","og_site_name":"Milangaz","article_publisher":"https:\/\/www.facebook.com\/milangaz","article_modified_time":"2023-11-24T09:41:50+00:00","twitter_card":"summary_large_image","twitter_site":"@milangaz","twitter_misc":{"Est. reading time":"1 minute"},"schema":{"@context":"https:\/\/schema.org","@graph":[{"@type":"WebPage","@id":"https:\/\/milangaz.com.tr\/en\/autogas\/dealer-request-form\/","url":"https:\/\/milangaz.com.tr\/en\/autogas\/dealer-request-form\/","name":"Autogas Dealership Request Form | Milangaz","isPartOf":{"@id":"https:\/\/milangaz.com.tr\/en\/#website"},"datePublished":"2023-03-17T06:13:40+00:00","dateModified":"2023-11-24T09:41:50+00:00","description":"Fill out Autogas Dealership Request Form form or dial 444 0 120.","breadcrumb":{"@id":"https:\/\/milangaz.com.tr\/en\/autogas\/dealer-request-form\/#breadcrumb"},"inLanguage":"en-US","potentialAction":[{"@type":"ReadAction","target":["https:\/\/milangaz.com.tr\/en\/autogas\/dealer-request-form\/"]}]},{"@type":"BreadcrumbList","@id":"https:\/\/milangaz.com.tr\/en\/autogas\/dealer-request-form\/#breadcrumb","itemListElement":[{"@type":"ListItem","position":1,"name":"Anasayfa","item":"https:\/\/milangaz.com.tr\/en\/"},{"@type":"ListItem","position":2,"name":"Autogas","item":"https:\/\/milangaz.com.tr\/en\/otogaz\/"},{"@type":"ListItem","position":3,"name":"Autogas Gas Dealership Request"}]},{"@type":"WebSite","@id":"https:\/\/milangaz.com.tr\/en\/#website","url":"https:\/\/milangaz.com.tr\/en\/","name":"Milangaz","description":"T\u00fcpgaz-Otogaz-D\u00f6kmegaz","publisher":{"@id":"https:\/\/milangaz.com.tr\/en\/#organization"},"potentialAction":[{"@type":"SearchAction","target":{"@type":"EntryPoint","urlTemplate":"https:\/\/milangaz.com.tr\/en\/?s={search_term_string}"},"query-input":{"@type":"PropertyValueSpecification","valueRequired":true,"valueName":"search_term_string"}}],"inLanguage":"en-US"},{"@type":"Organization","@id":"https:\/\/milangaz.com.tr\/en\/#organization","name":"Milangaz","url":"https:\/\/milangaz.com.tr\/en\/","logo":{"@type":"ImageObject","inLanguage":"en-US","@id":"https:\/\/milangaz.com.tr\/en\/#\/schema\/logo\/image\/","url":"https:\/\/milangaz.com.tr\/wp-content\/uploads\/2023\/08\/milangaz_logo.svg","contentUrl":"https:\/\/milangaz.com.tr\/wp-content\/uploads\/2023\/08\/milangaz_logo.svg","width":235,"height":56,"caption":"Milangaz"},"image":{"@id":"https:\/\/milangaz.com.tr\/en\/#\/schema\/logo\/image\/"},"sameAs":["https:\/\/www.facebook.com\/milangaz","https:\/\/x.com\/milangaz","https:\/\/www.instagram.com\/milangaz","https:\/\/www.youtube.com\/channel\/UC67jWQ02yog6s2HA3Cn2_bg","https:\/\/www.linkedin.com\/company\/milangaz\/?viewAsMember=true"]}]}},"_links":{"self":[{"href":"https:\/\/milangaz.com.tr\/en\/wp-json\/wp\/v2\/pages\/2664","targetHints":{"allow":["GET"]}}],"collection":[{"href":"https:\/\/milangaz.com.tr\/en\/wp-json\/wp\/v2\/pages"}],"about":[{"href":"https:\/\/milangaz.com.tr\/en\/wp-json\/wp\/v2\/types\/page"}],"author":[{"embeddable":true,"href":"https:\/\/milangaz.com.tr\/en\/wp-json\/wp\/v2\/users\/1"}],"replies":[{"embeddable":true,"href":"https:\/\/milangaz.com.tr\/en\/wp-json\/wp\/v2\/comments?post=2664"}],"version-history":[{"count":8,"href":"https:\/\/milangaz.com.tr\/en\/wp-json\/wp\/v2\/pages\/2664\/revisions"}],"predecessor-version":[{"id":3778,"href":"https:\/\/milangaz.com.tr\/en\/wp-json\/wp\/v2\/pages\/2664\/revisions\/3778"}],"up":[{"embeddable":true,"href":"https:\/\/milangaz.com.tr\/en\/wp-json\/wp\/v2\/pages\/2670"}],"wp:attachment":[{"href":"https:\/\/milangaz.com.tr\/en\/wp-json\/wp\/v2\/media?parent=2664"}],"curies":[{"name":"wp","href":"https:\/\/api.w.org\/{rel}","templated":true}]}}