{"id":2666,"date":"2023-03-15T13:18:08","date_gmt":"2023-03-15T10:18:08","guid":{"rendered":"https:\/\/milangaz.com.tr\/milangaz-izomax-tup-12kg\/"},"modified":"2024-06-13T09:29:26","modified_gmt":"2024-06-13T06:29:26","slug":"izomax-12kg","status":"publish","type":"page","link":"https:\/\/milangaz.com.tr\/en\/cylinder-gas\/products\/izomax-12kg\/","title":{"rendered":"Milangaz IzoMax Cylinder (12kg)"},"content":{"rendered":"\t\t<div data-elementor-type=\"wp-page\" data-elementor-id=\"2666\" class=\"elementor elementor-2666\" data-elementor-post-type=\"page\">\n\t\t\t\t<div class=\"elementor-element elementor-element-0435a3f e-con-full e-flex e-con e-parent\" data-id=\"0435a3f\" data-element_type=\"container\" data-e-type=\"container\">\n\t\t\t\t<div class=\"elementor-element elementor-element-9dfeee8 elementor-widget elementor-widget-pagedetails\" data-id=\"9dfeee8\" data-element_type=\"widget\" data-e-type=\"widget\" data-widget_type=\"pagedetails.default\">\n\t\t\t\t<div class=\"elementor-widget-container\">\n\t\t\t\t\t        <style>\r\n            .page-editor .content p em {\r\n                font-style: italic;\r\n                font-family: \"Helvetica-neue\";\r\n            }\r\n        <\/style>\r\n        <div class=\"pageHead d-flex\">\r\n            <img decoding=\"async\" class=\"img lazyload\" src=\"https:\/\/milangaz.com.tr\/wp-content\/themes\/milangaz\/assets\/img\/lazy.webp\" data-src=\"https:\/\/milangaz.com.tr\/wp-content\/uploads\/2023\/10\/izomax-banner__v2_eng.png\" alt=\"Milangaz IzoMax Cylinder (12kg)\">        <\/div>\r\n\r\n        <div class=\"container\">\r\n            <div class=\"page-editor\">\r\n                <div class=\"content border\">\r\n                    <h1 class=\"title\">Milangaz IzoMax Cylinder (12kg)<\/h1><p>Milangaz IzoMax provides high efficiency and distinctive performance in insulation applications.<\/p><p>Compared to other LPG cylinders, Milangaz IzoMax allows you to use LPG-powered devices such as flame gun and torches with high performance without reducing the flame length and power. Milangaz IzoMax keeps the gas pressure constant and prevents a decrease in flame power. Thus, it increases efficiency by ensuring that the amount of work done in the same time is higher compared to normal LPG cylinders.<\/p><p>Thanks to Milangaz IzoMax's special valve, gas leakage does not occur while the regulator is connected. With its special threaded connection, the tube gives gas only when the regulator is connected, thus preventing the risks that may arise from other flame sources in the environment.<\/p><p><b>Further information <a href=\"tel:4440120\">444 0 120<\/a><\/b><\/p>                <\/div>\r\n            <\/div>\r\n        <\/div>\r\n        \t\t\t\t<\/div>\n\t\t\t\t<\/div>\n\t\t\t\t<div class=\"elementor-element elementor-element-d1b4f78 elementor-widget elementor-widget-spacer\" data-id=\"d1b4f78\" data-element_type=\"widget\" data-e-type=\"widget\" data-widget_type=\"spacer.default\">\n\t\t\t\t\t\t\t<div class=\"elementor-spacer\">\n\t\t\t<div class=\"elementor-spacer-inner\"><\/div>\n\t\t<\/div>\n\t\t\t\t\t\t<\/div>\n\t\t\t\t<\/div>\n\t\t\t\t<\/div>\n\t\t","protected":false},"excerpt":{"rendered":"<p>Milangaz IzoMax Cylinder (12kg) Milangaz IzoMax provides high efficiency and distinctive performance in insulation applications. Compared to other LPG cylinders, Milangaz IzoMax allows you to use LPG-powered devices such as flame gun and torches with high performance without reducing the flame length and power. Milangaz IzoMax keeps the gas pressure constant and prevents a decrease [&hellip;]<\/p>\n","protected":false},"author":1,"featured_media":0,"parent":2677,"menu_order":0,"comment_status":"closed","ping_status":"closed","template":"","meta":{"_acf_changed":false,"footnotes":""},"class_list":["post-2666","page","type-page","status-publish","hentry"],"acf":[],"yoast_head":"<!-- This site is optimized with the Yoast SEO plugin v27.3 - https:\/\/yoast.com\/product\/yoast-seo-wordpress\/ -->\n<title>Milangaz \u0130zoMax 12kg | Milangaz<\/title>\n<meta name=\"description\" content=\"Milangaz \u0130zoMax, izolasyon uygulamalar\u0131nda y\u00fcksek verim ve fark yaratan performans sa\u011flar. Milangaz yan\u0131nda her \u015fey yolunda!\" \/>\n<meta name=\"robots\" content=\"index, follow, max-snippet:-1, max-image-preview:large, max-video-preview:-1\" \/>\n<link rel=\"canonical\" href=\"https:\/\/milangaz.com.tr\/en\/cylinder-gas\/products\/izomax-12kg\/\" \/>\n<meta property=\"og:locale\" content=\"en_US\" \/>\n<meta property=\"og:type\" content=\"article\" \/>\n<meta property=\"og:title\" content=\"Milangaz \u0130zoMax 12kg | Milangaz\" \/>\n<meta property=\"og:description\" content=\"Milangaz \u0130zoMax, izolasyon uygulamalar\u0131nda y\u00fcksek verim ve fark yaratan performans sa\u011flar. Milangaz yan\u0131nda her \u015fey yolunda!\" \/>\n<meta property=\"og:url\" content=\"https:\/\/milangaz.com.tr\/en\/cylinder-gas\/products\/izomax-12kg\/\" \/>\n<meta property=\"og:site_name\" content=\"Milangaz\" \/>\n<meta property=\"article:publisher\" content=\"https:\/\/www.facebook.com\/milangaz\" \/>\n<meta property=\"article:modified_time\" content=\"2024-06-13T06:29:26+00:00\" \/>\n<meta property=\"og:image\" content=\"https:\/\/milangaz.com.tr\/wp-content\/themes\/milangaz\/dist\/img\/lazy.png\" \/>\n<meta name=\"twitter:card\" content=\"summary_large_image\" \/>\n<meta name=\"twitter:site\" content=\"@milangaz\" \/>\n<script type=\"application\/ld+json\" class=\"yoast-schema-graph\">{\"@context\":\"https:\\\/\\\/schema.org\",\"@graph\":[{\"@type\":\"WebPage\",\"@id\":\"https:\\\/\\\/milangaz.com.tr\\\/en\\\/cylinder-gas\\\/products\\\/izomax-12kg\\\/\",\"url\":\"https:\\\/\\\/milangaz.com.tr\\\/en\\\/cylinder-gas\\\/products\\\/izomax-12kg\\\/\",\"name\":\"Milangaz \u0130zoMax 12kg | Milangaz\",\"isPartOf\":{\"@id\":\"https:\\\/\\\/milangaz.com.tr\\\/en\\\/#website\"},\"primaryImageOfPage\":{\"@id\":\"https:\\\/\\\/milangaz.com.tr\\\/en\\\/cylinder-gas\\\/products\\\/izomax-12kg\\\/#primaryimage\"},\"image\":{\"@id\":\"https:\\\/\\\/milangaz.com.tr\\\/en\\\/cylinder-gas\\\/products\\\/izomax-12kg\\\/#primaryimage\"},\"thumbnailUrl\":\"https:\\\/\\\/milangaz.com.tr\\\/wp-content\\\/themes\\\/milangaz\\\/dist\\\/img\\\/lazy.png\",\"datePublished\":\"2023-03-15T10:18:08+00:00\",\"dateModified\":\"2024-06-13T06:29:26+00:00\",\"description\":\"Milangaz \u0130zoMax, izolasyon uygulamalar\u0131nda y\u00fcksek verim ve fark yaratan performans sa\u011flar. Milangaz yan\u0131nda her \u015fey yolunda!\",\"breadcrumb\":{\"@id\":\"https:\\\/\\\/milangaz.com.tr\\\/en\\\/cylinder-gas\\\/products\\\/izomax-12kg\\\/#breadcrumb\"},\"inLanguage\":\"en-US\",\"potentialAction\":[{\"@type\":\"ReadAction\",\"target\":[\"https:\\\/\\\/milangaz.com.tr\\\/en\\\/cylinder-gas\\\/products\\\/izomax-12kg\\\/\"]}]},{\"@type\":\"ImageObject\",\"inLanguage\":\"en-US\",\"@id\":\"https:\\\/\\\/milangaz.com.tr\\\/en\\\/cylinder-gas\\\/products\\\/izomax-12kg\\\/#primaryimage\",\"url\":\"https:\\\/\\\/milangaz.com.tr\\\/wp-content\\\/themes\\\/milangaz\\\/dist\\\/img\\\/lazy.png\",\"contentUrl\":\"https:\\\/\\\/milangaz.com.tr\\\/wp-content\\\/themes\\\/milangaz\\\/dist\\\/img\\\/lazy.png\"},{\"@type\":\"BreadcrumbList\",\"@id\":\"https:\\\/\\\/milangaz.com.tr\\\/en\\\/cylinder-gas\\\/products\\\/izomax-12kg\\\/#breadcrumb\",\"itemListElement\":[{\"@type\":\"ListItem\",\"position\":1,\"name\":\"Anasayfa\",\"item\":\"https:\\\/\\\/milangaz.com.tr\\\/en\\\/\"},{\"@type\":\"ListItem\",\"position\":2,\"name\":\"Cylinder Gas\",\"item\":\"https:\\\/\\\/milangaz.com.tr\\\/en\\\/cylinder-gas\\\/\"},{\"@type\":\"ListItem\",\"position\":3,\"name\":\"Products\",\"item\":\"https:\\\/\\\/milangaz.com.tr\\\/en\\\/cylinder-gas\\\/products\\\/\"},{\"@type\":\"ListItem\",\"position\":4,\"name\":\"Milangaz IzoMax Cylinder (12kg)\"}]},{\"@type\":\"WebSite\",\"@id\":\"https:\\\/\\\/milangaz.com.tr\\\/en\\\/#website\",\"url\":\"https:\\\/\\\/milangaz.com.tr\\\/en\\\/\",\"name\":\"Milangaz\",\"description\":\"T\u00fcpgaz-Otogaz-D\u00f6kmegaz\",\"publisher\":{\"@id\":\"https:\\\/\\\/milangaz.com.tr\\\/en\\\/#organization\"},\"potentialAction\":[{\"@type\":\"SearchAction\",\"target\":{\"@type\":\"EntryPoint\",\"urlTemplate\":\"https:\\\/\\\/milangaz.com.tr\\\/en\\\/?s={search_term_string}\"},\"query-input\":{\"@type\":\"PropertyValueSpecification\",\"valueRequired\":true,\"valueName\":\"search_term_string\"}}],\"inLanguage\":\"en-US\"},{\"@type\":\"Organization\",\"@id\":\"https:\\\/\\\/milangaz.com.tr\\\/en\\\/#organization\",\"name\":\"Milangaz\",\"url\":\"https:\\\/\\\/milangaz.com.tr\\\/en\\\/\",\"logo\":{\"@type\":\"ImageObject\",\"inLanguage\":\"en-US\",\"@id\":\"https:\\\/\\\/milangaz.com.tr\\\/en\\\/#\\\/schema\\\/logo\\\/image\\\/\",\"url\":\"https:\\\/\\\/milangaz.com.tr\\\/wp-content\\\/uploads\\\/2023\\\/08\\\/milangaz_logo.svg\",\"contentUrl\":\"https:\\\/\\\/milangaz.com.tr\\\/wp-content\\\/uploads\\\/2023\\\/08\\\/milangaz_logo.svg\",\"width\":235,\"height\":56,\"caption\":\"Milangaz\"},\"image\":{\"@id\":\"https:\\\/\\\/milangaz.com.tr\\\/en\\\/#\\\/schema\\\/logo\\\/image\\\/\"},\"sameAs\":[\"https:\\\/\\\/www.facebook.com\\\/milangaz\",\"https:\\\/\\\/x.com\\\/milangaz\",\"https:\\\/\\\/www.instagram.com\\\/milangaz\",\"https:\\\/\\\/www.youtube.com\\\/channel\\\/UC67jWQ02yog6s2HA3Cn2_bg\",\"https:\\\/\\\/www.linkedin.com\\\/company\\\/milangaz\\\/?viewAsMember=true\"]}]}<\/script>\n<!-- \/ Yoast SEO plugin. -->","yoast_head_json":{"title":"Milangaz \u0130zoMax 12kg | Milangaz","description":"Milangaz \u0130zoMax, izolasyon uygulamalar\u0131nda y\u00fcksek verim ve fark yaratan performans sa\u011flar. Milangaz yan\u0131nda her \u015fey yolunda!","robots":{"index":"index","follow":"follow","max-snippet":"max-snippet:-1","max-image-preview":"max-image-preview:large","max-video-preview":"max-video-preview:-1"},"canonical":"https:\/\/milangaz.com.tr\/en\/cylinder-gas\/products\/izomax-12kg\/","og_locale":"en_US","og_type":"article","og_title":"Milangaz \u0130zoMax 12kg | Milangaz","og_description":"Milangaz \u0130zoMax, izolasyon uygulamalar\u0131nda y\u00fcksek verim ve fark yaratan performans sa\u011flar. Milangaz yan\u0131nda her \u015fey yolunda!","og_url":"https:\/\/milangaz.com.tr\/en\/cylinder-gas\/products\/izomax-12kg\/","og_site_name":"Milangaz","article_publisher":"https:\/\/www.facebook.com\/milangaz","article_modified_time":"2024-06-13T06:29:26+00:00","og_image":[{"url":"https:\/\/milangaz.com.tr\/wp-content\/themes\/milangaz\/dist\/img\/lazy.png","type":"","width":"","height":""}],"twitter_card":"summary_large_image","twitter_site":"@milangaz","schema":{"@context":"https:\/\/schema.org","@graph":[{"@type":"WebPage","@id":"https:\/\/milangaz.com.tr\/en\/cylinder-gas\/products\/izomax-12kg\/","url":"https:\/\/milangaz.com.tr\/en\/cylinder-gas\/products\/izomax-12kg\/","name":"Milangaz \u0130zoMax 12kg | Milangaz","isPartOf":{"@id":"https:\/\/milangaz.com.tr\/en\/#website"},"primaryImageOfPage":{"@id":"https:\/\/milangaz.com.tr\/en\/cylinder-gas\/products\/izomax-12kg\/#primaryimage"},"image":{"@id":"https:\/\/milangaz.com.tr\/en\/cylinder-gas\/products\/izomax-12kg\/#primaryimage"},"thumbnailUrl":"https:\/\/milangaz.com.tr\/wp-content\/themes\/milangaz\/dist\/img\/lazy.png","datePublished":"2023-03-15T10:18:08+00:00","dateModified":"2024-06-13T06:29:26+00:00","description":"Milangaz \u0130zoMax, izolasyon uygulamalar\u0131nda y\u00fcksek verim ve fark yaratan performans sa\u011flar. Milangaz yan\u0131nda her \u015fey yolunda!","breadcrumb":{"@id":"https:\/\/milangaz.com.tr\/en\/cylinder-gas\/products\/izomax-12kg\/#breadcrumb"},"inLanguage":"en-US","potentialAction":[{"@type":"ReadAction","target":["https:\/\/milangaz.com.tr\/en\/cylinder-gas\/products\/izomax-12kg\/"]}]},{"@type":"ImageObject","inLanguage":"en-US","@id":"https:\/\/milangaz.com.tr\/en\/cylinder-gas\/products\/izomax-12kg\/#primaryimage","url":"https:\/\/milangaz.com.tr\/wp-content\/themes\/milangaz\/dist\/img\/lazy.png","contentUrl":"https:\/\/milangaz.com.tr\/wp-content\/themes\/milangaz\/dist\/img\/lazy.png"},{"@type":"BreadcrumbList","@id":"https:\/\/milangaz.com.tr\/en\/cylinder-gas\/products\/izomax-12kg\/#breadcrumb","itemListElement":[{"@type":"ListItem","position":1,"name":"Anasayfa","item":"https:\/\/milangaz.com.tr\/en\/"},{"@type":"ListItem","position":2,"name":"Cylinder Gas","item":"https:\/\/milangaz.com.tr\/en\/cylinder-gas\/"},{"@type":"ListItem","position":3,"name":"Products","item":"https:\/\/milangaz.com.tr\/en\/cylinder-gas\/products\/"},{"@type":"ListItem","position":4,"name":"Milangaz IzoMax Cylinder (12kg)"}]},{"@type":"WebSite","@id":"https:\/\/milangaz.com.tr\/en\/#website","url":"https:\/\/milangaz.com.tr\/en\/","name":"Milangaz","description":"T\u00fcpgaz-Otogaz-D\u00f6kmegaz","publisher":{"@id":"https:\/\/milangaz.com.tr\/en\/#organization"},"potentialAction":[{"@type":"SearchAction","target":{"@type":"EntryPoint","urlTemplate":"https:\/\/milangaz.com.tr\/en\/?s={search_term_string}"},"query-input":{"@type":"PropertyValueSpecification","valueRequired":true,"valueName":"search_term_string"}}],"inLanguage":"en-US"},{"@type":"Organization","@id":"https:\/\/milangaz.com.tr\/en\/#organization","name":"Milangaz","url":"https:\/\/milangaz.com.tr\/en\/","logo":{"@type":"ImageObject","inLanguage":"en-US","@id":"https:\/\/milangaz.com.tr\/en\/#\/schema\/logo\/image\/","url":"https:\/\/milangaz.com.tr\/wp-content\/uploads\/2023\/08\/milangaz_logo.svg","contentUrl":"https:\/\/milangaz.com.tr\/wp-content\/uploads\/2023\/08\/milangaz_logo.svg","width":235,"height":56,"caption":"Milangaz"},"image":{"@id":"https:\/\/milangaz.com.tr\/en\/#\/schema\/logo\/image\/"},"sameAs":["https:\/\/www.facebook.com\/milangaz","https:\/\/x.com\/milangaz","https:\/\/www.instagram.com\/milangaz","https:\/\/www.youtube.com\/channel\/UC67jWQ02yog6s2HA3Cn2_bg","https:\/\/www.linkedin.com\/company\/milangaz\/?viewAsMember=true"]}]}},"_links":{"self":[{"href":"https:\/\/milangaz.com.tr\/en\/wp-json\/wp\/v2\/pages\/2666","targetHints":{"allow":["GET"]}}],"collection":[{"href":"https:\/\/milangaz.com.tr\/en\/wp-json\/wp\/v2\/pages"}],"about":[{"href":"https:\/\/milangaz.com.tr\/en\/wp-json\/wp\/v2\/types\/page"}],"author":[{"embeddable":true,"href":"https:\/\/milangaz.com.tr\/en\/wp-json\/wp\/v2\/users\/1"}],"replies":[{"embeddable":true,"href":"https:\/\/milangaz.com.tr\/en\/wp-json\/wp\/v2\/comments?post=2666"}],"version-history":[{"count":10,"href":"https:\/\/milangaz.com.tr\/en\/wp-json\/wp\/v2\/pages\/2666\/revisions"}],"predecessor-version":[{"id":3327,"href":"https:\/\/milangaz.com.tr\/en\/wp-json\/wp\/v2\/pages\/2666\/revisions\/3327"}],"up":[{"embeddable":true,"href":"https:\/\/milangaz.com.tr\/en\/wp-json\/wp\/v2\/pages\/2677"}],"wp:attachment":[{"href":"https:\/\/milangaz.com.tr\/en\/wp-json\/wp\/v2\/media?parent=2666"}],"curies":[{"name":"wp","href":"https:\/\/api.w.org\/{rel}","templated":true}]}}