{"id":2676,"date":"2023-02-28T10:59:18","date_gmt":"2023-02-28T07:59:18","guid":{"rendered":"https:\/\/milangaz.com.tr\/milangaz-rota-tup-2kg\/"},"modified":"2024-08-21T14:24:45","modified_gmt":"2024-08-21T11:24:45","slug":"milangaz-rota-2kg","status":"publish","type":"page","link":"https:\/\/milangaz.com.tr\/en\/cylinder-gas\/products\/milangaz-rota-2kg\/","title":{"rendered":"Milangaz Rota Cylinder (2kg)"},"content":{"rendered":"\t\t<div data-elementor-type=\"wp-page\" data-elementor-id=\"2676\" class=\"elementor elementor-2676\" data-elementor-post-type=\"page\">\n\t\t\t\t<div class=\"elementor-element elementor-element-0435a3f e-con-full e-flex e-con e-parent\" data-id=\"0435a3f\" data-element_type=\"container\" data-e-type=\"container\">\n\t\t\t\t<div class=\"elementor-element elementor-element-9dfeee8 elementor-widget elementor-widget-pagedetails\" data-id=\"9dfeee8\" data-element_type=\"widget\" data-e-type=\"widget\" data-widget_type=\"pagedetails.default\">\n\t\t\t\t<div class=\"elementor-widget-container\">\n\t\t\t\t\t        <style>\r\n            .page-editor .content p em {\r\n                font-style: italic;\r\n                font-family: \"Helvetica-neue\";\r\n            }\r\n        <\/style>\r\n        <div class=\"pageHead d-flex\">\r\n            <img decoding=\"async\" class=\"img lazyload\" src=\"https:\/\/milangaz.com.tr\/wp-content\/themes\/milangaz\/assets\/img\/lazy.webp\" data-src=\"https:\/\/milangaz.com.tr\/wp-content\/uploads\/2023\/10\/rota-tup-banner-en.png\" alt=\"Milangaz Rota Cylinder (2kg)\">        <\/div>\r\n\r\n        <div class=\"container\">\r\n            <div class=\"page-editor\">\r\n                <div class=\"content border\">\r\n                    <h1 class=\"title\">Milangaz Rota Cylinder (2kg)<\/h1><p>Milangaz Rota is specially designed and produced for boats. Along with its use on boats, it is also preferred in camping and caravans. Milangaz Rota, which contains 2kg of LPG, provides both safe system and ease of use.<\/p><p>The body cladding in the middle of the Milangaz Rota protects the tube against wear and corrosion.The special cover on the floor prevents the tube from slipping on the floor and helps keep the boat floor clean.Turning the valve on the tube to the closed position when the stove is not in use increases the safety in the boat.Milangaz Rota allows the gas connection of the cylinder in the safest way without compromising the originality of the boat, thanks to its threaded regulator and hose connection with union.<\/p><p>Discover Milangaz Rota for pleasant journeys at sea, camping and caravan!<\/p><p><a href=\"https:\/\/www.milangaz.com.tr\/wp-content\/uploads\/2023\/06\/milangaz_satis_noktalari.pdf\">Click<\/a> for Milangaz Rota sales points.<\/p>                <\/div>\r\n            <\/div>\r\n        <\/div>\r\n        \t\t\t\t<\/div>\n\t\t\t\t<\/div>\n\t\t\t\t<div class=\"elementor-element elementor-element-d1b4f78 elementor-widget elementor-widget-spacer\" data-id=\"d1b4f78\" data-element_type=\"widget\" data-e-type=\"widget\" data-widget_type=\"spacer.default\">\n\t\t\t\t\t\t\t<div class=\"elementor-spacer\">\n\t\t\t<div class=\"elementor-spacer-inner\"><\/div>\n\t\t<\/div>\n\t\t\t\t\t\t<\/div>\n\t\t\t\t<\/div>\n\t\t\t\t<\/div>\n\t\t","protected":false},"excerpt":{"rendered":"<p>Milangaz Rota Cylinder (2kg) Milangaz Rota is specially designed and produced for boats. Along with its use on boats, it is also preferred in camping and caravans. Milangaz Rota, which contains 2kg of LPG, provides both safe system and ease of use. The body cladding in the middle of the Milangaz Rota protects the tube [&hellip;]<\/p>\n","protected":false},"author":1,"featured_media":0,"parent":2677,"menu_order":0,"comment_status":"closed","ping_status":"closed","template":"","meta":{"_acf_changed":false,"footnotes":""},"class_list":["post-2676","page","type-page","status-publish","hentry"],"acf":[],"yoast_head":"<!-- This site is optimized with the Yoast SEO plugin v27.3 - https:\/\/yoast.com\/product\/yoast-seo-wordpress\/ -->\n<title>Camping and Caravan Cylinder | Rota Cylinder (2 kg) | Milangaz<\/title>\n<meta name=\"description\" content=\"Kamp t\u00fcp\u00fc ya da karavan t\u00fcp\u00fc ar\u0131yorsan Milangaz yan\u0131nda! Milangaz rota t\u00fcpleri teknede, kampta ve karavanda rahatl\u0131kla kullanabilir, kolayca sipari\u015f verebilirsin.\" \/>\n<meta name=\"robots\" content=\"index, follow, max-snippet:-1, max-image-preview:large, max-video-preview:-1\" \/>\n<link rel=\"canonical\" href=\"https:\/\/milangaz.com.tr\/en\/cylinder-gas\/products\/milangaz-rota-2kg\/\" \/>\n<meta property=\"og:locale\" content=\"en_US\" \/>\n<meta property=\"og:type\" content=\"article\" \/>\n<meta property=\"og:title\" content=\"Camping and Caravan Cylinder | Rota Cylinder (2 kg) | Milangaz\" \/>\n<meta property=\"og:description\" content=\"Kamp t\u00fcp\u00fc ya da karavan t\u00fcp\u00fc ar\u0131yorsan Milangaz yan\u0131nda! Milangaz rota t\u00fcpleri teknede, kampta ve karavanda rahatl\u0131kla kullanabilir, kolayca sipari\u015f verebilirsin.\" \/>\n<meta property=\"og:url\" content=\"https:\/\/milangaz.com.tr\/en\/cylinder-gas\/products\/milangaz-rota-2kg\/\" \/>\n<meta property=\"og:site_name\" content=\"Milangaz\" \/>\n<meta property=\"article:publisher\" content=\"https:\/\/www.facebook.com\/milangaz\" \/>\n<meta property=\"article:modified_time\" content=\"2024-08-21T11:24:45+00:00\" \/>\n<meta property=\"og:image\" content=\"https:\/\/milangaz.com.tr\/wp-content\/themes\/milangaz\/dist\/img\/lazy.png\" \/>\n<meta name=\"twitter:card\" content=\"summary_large_image\" \/>\n<meta name=\"twitter:site\" content=\"@milangaz\" \/>\n<meta name=\"twitter:label1\" content=\"Est. reading time\" \/>\n\t<meta name=\"twitter:data1\" content=\"2 minutes\" \/>\n<script type=\"application\/ld+json\" class=\"yoast-schema-graph\">{\"@context\":\"https:\\\/\\\/schema.org\",\"@graph\":[{\"@type\":\"WebPage\",\"@id\":\"https:\\\/\\\/milangaz.com.tr\\\/en\\\/cylinder-gas\\\/products\\\/milangaz-rota-2kg\\\/\",\"url\":\"https:\\\/\\\/milangaz.com.tr\\\/en\\\/cylinder-gas\\\/products\\\/milangaz-rota-2kg\\\/\",\"name\":\"Camping and Caravan Cylinder | Rota Cylinder (2 kg) | Milangaz\",\"isPartOf\":{\"@id\":\"https:\\\/\\\/milangaz.com.tr\\\/en\\\/#website\"},\"primaryImageOfPage\":{\"@id\":\"https:\\\/\\\/milangaz.com.tr\\\/en\\\/cylinder-gas\\\/products\\\/milangaz-rota-2kg\\\/#primaryimage\"},\"image\":{\"@id\":\"https:\\\/\\\/milangaz.com.tr\\\/en\\\/cylinder-gas\\\/products\\\/milangaz-rota-2kg\\\/#primaryimage\"},\"thumbnailUrl\":\"https:\\\/\\\/milangaz.com.tr\\\/wp-content\\\/themes\\\/milangaz\\\/dist\\\/img\\\/lazy.png\",\"datePublished\":\"2023-02-28T07:59:18+00:00\",\"dateModified\":\"2024-08-21T11:24:45+00:00\",\"description\":\"Kamp t\u00fcp\u00fc ya da karavan t\u00fcp\u00fc ar\u0131yorsan Milangaz yan\u0131nda! Milangaz rota t\u00fcpleri teknede, kampta ve karavanda rahatl\u0131kla kullanabilir, kolayca sipari\u015f verebilirsin.\",\"breadcrumb\":{\"@id\":\"https:\\\/\\\/milangaz.com.tr\\\/en\\\/cylinder-gas\\\/products\\\/milangaz-rota-2kg\\\/#breadcrumb\"},\"inLanguage\":\"en-US\",\"potentialAction\":[{\"@type\":\"ReadAction\",\"target\":[\"https:\\\/\\\/milangaz.com.tr\\\/en\\\/cylinder-gas\\\/products\\\/milangaz-rota-2kg\\\/\"]}]},{\"@type\":\"ImageObject\",\"inLanguage\":\"en-US\",\"@id\":\"https:\\\/\\\/milangaz.com.tr\\\/en\\\/cylinder-gas\\\/products\\\/milangaz-rota-2kg\\\/#primaryimage\",\"url\":\"https:\\\/\\\/milangaz.com.tr\\\/wp-content\\\/themes\\\/milangaz\\\/dist\\\/img\\\/lazy.png\",\"contentUrl\":\"https:\\\/\\\/milangaz.com.tr\\\/wp-content\\\/themes\\\/milangaz\\\/dist\\\/img\\\/lazy.png\"},{\"@type\":\"BreadcrumbList\",\"@id\":\"https:\\\/\\\/milangaz.com.tr\\\/en\\\/cylinder-gas\\\/products\\\/milangaz-rota-2kg\\\/#breadcrumb\",\"itemListElement\":[{\"@type\":\"ListItem\",\"position\":1,\"name\":\"Anasayfa\",\"item\":\"https:\\\/\\\/milangaz.com.tr\\\/en\\\/\"},{\"@type\":\"ListItem\",\"position\":2,\"name\":\"Cylinder Gas\",\"item\":\"https:\\\/\\\/milangaz.com.tr\\\/en\\\/cylinder-gas\\\/\"},{\"@type\":\"ListItem\",\"position\":3,\"name\":\"Products\",\"item\":\"https:\\\/\\\/milangaz.com.tr\\\/en\\\/cylinder-gas\\\/products\\\/\"},{\"@type\":\"ListItem\",\"position\":4,\"name\":\"Milangaz Rota Cylinder (2kg)\"}]},{\"@type\":\"WebSite\",\"@id\":\"https:\\\/\\\/milangaz.com.tr\\\/en\\\/#website\",\"url\":\"https:\\\/\\\/milangaz.com.tr\\\/en\\\/\",\"name\":\"Milangaz\",\"description\":\"T\u00fcpgaz-Otogaz-D\u00f6kmegaz\",\"publisher\":{\"@id\":\"https:\\\/\\\/milangaz.com.tr\\\/en\\\/#organization\"},\"potentialAction\":[{\"@type\":\"SearchAction\",\"target\":{\"@type\":\"EntryPoint\",\"urlTemplate\":\"https:\\\/\\\/milangaz.com.tr\\\/en\\\/?s={search_term_string}\"},\"query-input\":{\"@type\":\"PropertyValueSpecification\",\"valueRequired\":true,\"valueName\":\"search_term_string\"}}],\"inLanguage\":\"en-US\"},{\"@type\":\"Organization\",\"@id\":\"https:\\\/\\\/milangaz.com.tr\\\/en\\\/#organization\",\"name\":\"Milangaz\",\"url\":\"https:\\\/\\\/milangaz.com.tr\\\/en\\\/\",\"logo\":{\"@type\":\"ImageObject\",\"inLanguage\":\"en-US\",\"@id\":\"https:\\\/\\\/milangaz.com.tr\\\/en\\\/#\\\/schema\\\/logo\\\/image\\\/\",\"url\":\"https:\\\/\\\/milangaz.com.tr\\\/wp-content\\\/uploads\\\/2023\\\/08\\\/milangaz_logo.svg\",\"contentUrl\":\"https:\\\/\\\/milangaz.com.tr\\\/wp-content\\\/uploads\\\/2023\\\/08\\\/milangaz_logo.svg\",\"width\":235,\"height\":56,\"caption\":\"Milangaz\"},\"image\":{\"@id\":\"https:\\\/\\\/milangaz.com.tr\\\/en\\\/#\\\/schema\\\/logo\\\/image\\\/\"},\"sameAs\":[\"https:\\\/\\\/www.facebook.com\\\/milangaz\",\"https:\\\/\\\/x.com\\\/milangaz\",\"https:\\\/\\\/www.instagram.com\\\/milangaz\",\"https:\\\/\\\/www.youtube.com\\\/channel\\\/UC67jWQ02yog6s2HA3Cn2_bg\",\"https:\\\/\\\/www.linkedin.com\\\/company\\\/milangaz\\\/?viewAsMember=true\"]}]}<\/script>\n<!-- \/ Yoast SEO plugin. -->","yoast_head_json":{"title":"Camping and Caravan Cylinder | Rota Cylinder (2 kg) | Milangaz","description":"Kamp t\u00fcp\u00fc ya da karavan t\u00fcp\u00fc ar\u0131yorsan Milangaz yan\u0131nda! Milangaz rota t\u00fcpleri teknede, kampta ve karavanda rahatl\u0131kla kullanabilir, kolayca sipari\u015f verebilirsin.","robots":{"index":"index","follow":"follow","max-snippet":"max-snippet:-1","max-image-preview":"max-image-preview:large","max-video-preview":"max-video-preview:-1"},"canonical":"https:\/\/milangaz.com.tr\/en\/cylinder-gas\/products\/milangaz-rota-2kg\/","og_locale":"en_US","og_type":"article","og_title":"Camping and Caravan Cylinder | Rota Cylinder (2 kg) | Milangaz","og_description":"Kamp t\u00fcp\u00fc ya da karavan t\u00fcp\u00fc ar\u0131yorsan Milangaz yan\u0131nda! Milangaz rota t\u00fcpleri teknede, kampta ve karavanda rahatl\u0131kla kullanabilir, kolayca sipari\u015f verebilirsin.","og_url":"https:\/\/milangaz.com.tr\/en\/cylinder-gas\/products\/milangaz-rota-2kg\/","og_site_name":"Milangaz","article_publisher":"https:\/\/www.facebook.com\/milangaz","article_modified_time":"2024-08-21T11:24:45+00:00","og_image":[{"url":"https:\/\/milangaz.com.tr\/wp-content\/themes\/milangaz\/dist\/img\/lazy.png","type":"","width":"","height":""}],"twitter_card":"summary_large_image","twitter_site":"@milangaz","twitter_misc":{"Est. reading time":"2 minutes"},"schema":{"@context":"https:\/\/schema.org","@graph":[{"@type":"WebPage","@id":"https:\/\/milangaz.com.tr\/en\/cylinder-gas\/products\/milangaz-rota-2kg\/","url":"https:\/\/milangaz.com.tr\/en\/cylinder-gas\/products\/milangaz-rota-2kg\/","name":"Camping and Caravan Cylinder | Rota Cylinder (2 kg) | Milangaz","isPartOf":{"@id":"https:\/\/milangaz.com.tr\/en\/#website"},"primaryImageOfPage":{"@id":"https:\/\/milangaz.com.tr\/en\/cylinder-gas\/products\/milangaz-rota-2kg\/#primaryimage"},"image":{"@id":"https:\/\/milangaz.com.tr\/en\/cylinder-gas\/products\/milangaz-rota-2kg\/#primaryimage"},"thumbnailUrl":"https:\/\/milangaz.com.tr\/wp-content\/themes\/milangaz\/dist\/img\/lazy.png","datePublished":"2023-02-28T07:59:18+00:00","dateModified":"2024-08-21T11:24:45+00:00","description":"Kamp t\u00fcp\u00fc ya da karavan t\u00fcp\u00fc ar\u0131yorsan Milangaz yan\u0131nda! Milangaz rota t\u00fcpleri teknede, kampta ve karavanda rahatl\u0131kla kullanabilir, kolayca sipari\u015f verebilirsin.","breadcrumb":{"@id":"https:\/\/milangaz.com.tr\/en\/cylinder-gas\/products\/milangaz-rota-2kg\/#breadcrumb"},"inLanguage":"en-US","potentialAction":[{"@type":"ReadAction","target":["https:\/\/milangaz.com.tr\/en\/cylinder-gas\/products\/milangaz-rota-2kg\/"]}]},{"@type":"ImageObject","inLanguage":"en-US","@id":"https:\/\/milangaz.com.tr\/en\/cylinder-gas\/products\/milangaz-rota-2kg\/#primaryimage","url":"https:\/\/milangaz.com.tr\/wp-content\/themes\/milangaz\/dist\/img\/lazy.png","contentUrl":"https:\/\/milangaz.com.tr\/wp-content\/themes\/milangaz\/dist\/img\/lazy.png"},{"@type":"BreadcrumbList","@id":"https:\/\/milangaz.com.tr\/en\/cylinder-gas\/products\/milangaz-rota-2kg\/#breadcrumb","itemListElement":[{"@type":"ListItem","position":1,"name":"Anasayfa","item":"https:\/\/milangaz.com.tr\/en\/"},{"@type":"ListItem","position":2,"name":"Cylinder Gas","item":"https:\/\/milangaz.com.tr\/en\/cylinder-gas\/"},{"@type":"ListItem","position":3,"name":"Products","item":"https:\/\/milangaz.com.tr\/en\/cylinder-gas\/products\/"},{"@type":"ListItem","position":4,"name":"Milangaz Rota Cylinder (2kg)"}]},{"@type":"WebSite","@id":"https:\/\/milangaz.com.tr\/en\/#website","url":"https:\/\/milangaz.com.tr\/en\/","name":"Milangaz","description":"T\u00fcpgaz-Otogaz-D\u00f6kmegaz","publisher":{"@id":"https:\/\/milangaz.com.tr\/en\/#organization"},"potentialAction":[{"@type":"SearchAction","target":{"@type":"EntryPoint","urlTemplate":"https:\/\/milangaz.com.tr\/en\/?s={search_term_string}"},"query-input":{"@type":"PropertyValueSpecification","valueRequired":true,"valueName":"search_term_string"}}],"inLanguage":"en-US"},{"@type":"Organization","@id":"https:\/\/milangaz.com.tr\/en\/#organization","name":"Milangaz","url":"https:\/\/milangaz.com.tr\/en\/","logo":{"@type":"ImageObject","inLanguage":"en-US","@id":"https:\/\/milangaz.com.tr\/en\/#\/schema\/logo\/image\/","url":"https:\/\/milangaz.com.tr\/wp-content\/uploads\/2023\/08\/milangaz_logo.svg","contentUrl":"https:\/\/milangaz.com.tr\/wp-content\/uploads\/2023\/08\/milangaz_logo.svg","width":235,"height":56,"caption":"Milangaz"},"image":{"@id":"https:\/\/milangaz.com.tr\/en\/#\/schema\/logo\/image\/"},"sameAs":["https:\/\/www.facebook.com\/milangaz","https:\/\/x.com\/milangaz","https:\/\/www.instagram.com\/milangaz","https:\/\/www.youtube.com\/channel\/UC67jWQ02yog6s2HA3Cn2_bg","https:\/\/www.linkedin.com\/company\/milangaz\/?viewAsMember=true"]}]}},"_links":{"self":[{"href":"https:\/\/milangaz.com.tr\/en\/wp-json\/wp\/v2\/pages\/2676","targetHints":{"allow":["GET"]}}],"collection":[{"href":"https:\/\/milangaz.com.tr\/en\/wp-json\/wp\/v2\/pages"}],"about":[{"href":"https:\/\/milangaz.com.tr\/en\/wp-json\/wp\/v2\/types\/page"}],"author":[{"embeddable":true,"href":"https:\/\/milangaz.com.tr\/en\/wp-json\/wp\/v2\/users\/1"}],"replies":[{"embeddable":true,"href":"https:\/\/milangaz.com.tr\/en\/wp-json\/wp\/v2\/comments?post=2676"}],"version-history":[{"count":13,"href":"https:\/\/milangaz.com.tr\/en\/wp-json\/wp\/v2\/pages\/2676\/revisions"}],"predecessor-version":[{"id":3357,"href":"https:\/\/milangaz.com.tr\/en\/wp-json\/wp\/v2\/pages\/2676\/revisions\/3357"}],"up":[{"embeddable":true,"href":"https:\/\/milangaz.com.tr\/en\/wp-json\/wp\/v2\/pages\/2677"}],"wp:attachment":[{"href":"https:\/\/milangaz.com.tr\/en\/wp-json\/wp\/v2\/media?parent=2676"}],"curies":[{"name":"wp","href":"https:\/\/api.w.org\/{rel}","templated":true}]}}