{"id":2681,"date":"2023-02-24T14:36:05","date_gmt":"2023-02-24T11:36:05","guid":{"rendered":"https:\/\/milangaz.com.tr\/kurumsal\/basin-odasi\/"},"modified":"2023-11-24T12:29:41","modified_gmt":"2023-11-24T09:29:41","slug":"press-room","status":"publish","type":"page","link":"https:\/\/milangaz.com.tr\/en\/corporate\/press-room\/","title":{"rendered":"Press Room"},"content":{"rendered":"\t\t<div data-elementor-type=\"wp-page\" data-elementor-id=\"2681\" class=\"elementor elementor-2681\" data-elementor-post-type=\"page\">\n\t\t\t\t<div class=\"elementor-element elementor-element-0435a3f e-con-full e-flex e-con e-parent\" data-id=\"0435a3f\" data-element_type=\"container\" data-e-type=\"container\">\n\t\t\t\t<div class=\"elementor-element elementor-element-9dfeee8 elementor-widget elementor-widget-pagedetails\" data-id=\"9dfeee8\" data-element_type=\"widget\" data-e-type=\"widget\" data-widget_type=\"pagedetails.default\">\n\t\t\t\t<div class=\"elementor-widget-container\">\n\t\t\t\t\t        <style>\r\n            .page-editor .content p em {\r\n                font-style: italic;\r\n                font-family: \"Helvetica-neue\";\r\n            }\r\n        <\/style>\r\n        <div class=\"pageHead d-flex\">\r\n            <img decoding=\"async\" class=\"img lazyload\" src=\"https:\/\/milangaz.com.tr\/wp-content\/themes\/milangaz\/assets\/img\/lazy.webp\" data-src=\"https:\/\/www.milangaz.com.tr\/wp-content\/uploads\/2023\/02\/basinda-biz.png\" alt=\"Press Room\">        <\/div>\r\n\r\n        <div class=\"container\">\r\n            <div class=\"page-editor\">\r\n                <div class=\"content border\">\r\n                    <h1 class=\"title\">Press Room<\/h1><p>You can access Milangaz press releases published since 2021.<\/p>                <\/div>\r\n            <\/div>\r\n        <\/div>\r\n        \t\t\t\t<\/div>\n\t\t\t\t<\/div>\n\t\t\t\t<div class=\"elementor-element elementor-element-d1b4f78 elementor-widget elementor-widget-spacer\" data-id=\"d1b4f78\" data-element_type=\"widget\" data-e-type=\"widget\" data-widget_type=\"spacer.default\">\n\t\t\t\t\t\t\t<div class=\"elementor-spacer\">\n\t\t\t<div class=\"elementor-spacer-inner\"><\/div>\n\t\t<\/div>\n\t\t\t\t\t\t<\/div>\n\t\t\t\t<div class=\"elementor-element elementor-element-ce0bc93 elementor-widget elementor-widget-pressroom\" data-id=\"ce0bc93\" data-element_type=\"widget\" data-e-type=\"widget\" data-widget_type=\"pressroom.default\">\n\t\t\t\t<div class=\"elementor-widget-container\">\n\t\t\t\t\t        <div class=\"container\">\r\n            <form action=\"\" class=\"selects pressroom\" id=\"press-form\">\r\n                <div class=\"row\">\r\n                    <div class=\"col-12 col-lg-3\">\r\n                        <div class=\"select-box\">\r\n                            <label for=\"to\">Y\u0131l<\/label>\r\n                            <select name=\"press_date\" id=\"press_date\">\r\n                                <option value=\"\" selected>T\u00fcm\u00fc<\/option>\r\n                                <option value=\"2023\">2023<\/option><option value=\"2022\">2022<\/option><option value=\"2021\">2021<\/option>                            <\/select>\r\n                        <\/div>\r\n                    <\/div>\r\n                    <div class=\"col-12 col-lg-3 align-self-end\">\r\n                        <div class=\"sales-button\">\r\n                            <button type=\"submit\">Ara<\/button>\r\n                        <\/div>\r\n                    <\/div>\r\n                <\/div>\r\n            <\/form>\r\n\r\n            <ul class=\"row press-list\">\r\n                <li class=\"col-12 col-md-6 col-lg-4 press-item\" data-date=\"2023\">\r\n                                <a href=\"https:\/\/www.milangaz.com.tr\/wp-content\/uploads\/2023\/08\/Mayis_2023_Globee-Awardsdan-Milangaza-Odul.docx\"><\/a><img decoding=\"async\" width=\"416\" height=\"160\" src=\"data:image\/svg+xml,%3Csvg%20xmlns%3D&#039;http%3A%2F%2Fwww.w3.org%2F2000%2Fsvg&#039;%20width%3D&#039;416&#039;%20height%3D&#039;160&#039;%20viewBox%3D&#039;0%200%20360%20320&#039;%2F%3E\" class=\"attachment-press_thumb size-press_thumb lazyload\" alt=\"\" srcset=\"\" sizes=\"(max-width: 416px) 100vw, 416px\" data-src=\"https:\/\/milangaz.com.tr\/wp-content\/uploads\/2023\/02\/press-default.png\" data-srcset=\"https:\/\/milangaz.com.tr\/wp-content\/uploads\/2023\/02\/press-default.png 416w, https:\/\/milangaz.com.tr\/wp-content\/uploads\/2023\/02\/press-default-300x115.png 300w\" \/>\r\n                                <div class=\"press-content d-flex flex-column justify-content-center\">\r\n                                    <span class=\"press-date\">May 2023<\/span>\r\n                                    <h2 class=\"press-title\">\nMilangaz Relaunch Campaign is among the best campaings in globe \n<\/h2>\r\n                                <\/div>\r\n                            <\/li><li class=\"col-12 col-md-6 col-lg-4 press-item\" data-date=\"2022\">\r\n                                <a href=\"https:\/\/www.milangaz.com.tr\/wp-content\/uploads\/2023\/05\/Temmuz_2022-Milangazdan-Teknelere-Ozel-Yeni-Urun-Milangaz-Rota.docx\"><\/a><img decoding=\"async\" width=\"416\" height=\"160\" src=\"data:image\/svg+xml,%3Csvg%20xmlns%3D&#039;http%3A%2F%2Fwww.w3.org%2F2000%2Fsvg&#039;%20width%3D&#039;416&#039;%20height%3D&#039;160&#039;%20viewBox%3D&#039;0%200%20360%20320&#039;%2F%3E\" class=\"attachment-press_thumb size-press_thumb lazyload\" alt=\"\" srcset=\"\" sizes=\"(max-width: 416px) 100vw, 416px\" data-src=\"https:\/\/milangaz.com.tr\/wp-content\/uploads\/2023\/02\/press-default.png\" data-srcset=\"https:\/\/milangaz.com.tr\/wp-content\/uploads\/2023\/02\/press-default.png 416w, https:\/\/milangaz.com.tr\/wp-content\/uploads\/2023\/02\/press-default-300x115.png 300w\" \/>\r\n                                <div class=\"press-content d-flex flex-column justify-content-center\">\r\n                                    <span class=\"press-date\">July 2022<\/span>\r\n                                    <h2 class=\"press-title\">Milangaz Rota for yachts (new product)\n<\/h2>\r\n                                <\/div>\r\n                            <\/li><li class=\"col-12 col-md-6 col-lg-4 press-item\" data-date=\"2022\">\r\n                                <a href=\"https:\/\/www.milangaz.com.tr\/wp-content\/uploads\/2023\/05\/Mart_2022-Yuksek-hizmet-kalitesi-ile-tuketici-memnuniyeti.docx\"><\/a><img decoding=\"async\" width=\"416\" height=\"160\" src=\"data:image\/svg+xml,%3Csvg%20xmlns%3D&#039;http%3A%2F%2Fwww.w3.org%2F2000%2Fsvg&#039;%20width%3D&#039;416&#039;%20height%3D&#039;160&#039;%20viewBox%3D&#039;0%200%20360%20320&#039;%2F%3E\" class=\"attachment-press_thumb size-press_thumb lazyload\" alt=\"\" srcset=\"\" sizes=\"(max-width: 416px) 100vw, 416px\" data-src=\"https:\/\/milangaz.com.tr\/wp-content\/uploads\/2023\/02\/press-default.png\" data-srcset=\"https:\/\/milangaz.com.tr\/wp-content\/uploads\/2023\/02\/press-default.png 416w, https:\/\/milangaz.com.tr\/wp-content\/uploads\/2023\/02\/press-default-300x115.png 300w\" \/>\r\n                                <div class=\"press-content d-flex flex-column justify-content-center\">\r\n                                    <span class=\"press-date\">March 2022<\/span>\r\n                                    <h2 class=\"press-title\">Highest consumer satisfaction with quality service\n<\/h2>\r\n                                <\/div>\r\n                            <\/li><li class=\"col-12 col-md-6 col-lg-4 press-item\" data-date=\"2021\">\r\n                                <a href=\"https:\/\/www.milangaz.com.tr\/wp-content\/uploads\/2023\/05\/Aralik_2021-Milangazin-Yenilenen-Logosu.docx\"><\/a><img decoding=\"async\" width=\"416\" height=\"160\" src=\"data:image\/svg+xml,%3Csvg%20xmlns%3D&#039;http%3A%2F%2Fwww.w3.org%2F2000%2Fsvg&#039;%20width%3D&#039;416&#039;%20height%3D&#039;160&#039;%20viewBox%3D&#039;0%200%20360%20320&#039;%2F%3E\" class=\"attachment-press_thumb size-press_thumb lazyload\" alt=\"\" srcset=\"\" sizes=\"(max-width: 416px) 100vw, 416px\" data-src=\"https:\/\/milangaz.com.tr\/wp-content\/uploads\/2023\/02\/press-default.png\" data-srcset=\"https:\/\/milangaz.com.tr\/wp-content\/uploads\/2023\/02\/press-default.png 416w, https:\/\/milangaz.com.tr\/wp-content\/uploads\/2023\/02\/press-default-300x115.png 300w\" \/>\r\n                                <div class=\"press-content d-flex flex-column justify-content-center\">\r\n                                    <span class=\"press-date\">December 2021<\/span>\r\n                                    <h2 class=\"press-title\">Milangaz with its new identity \n<\/h2>\r\n                                <\/div>\r\n                            <\/li>            <\/ul>\r\n            <script>\r\n                document.addEventListener(\"DOMContentLoaded\", function() {\r\n                    jQuery(document).ready(function($) {\r\n                        $('#press-form').on('submit', function(e) {\r\n                            e.preventDefault()\r\n                            const selectedDate = $('#press_date').val()\r\n                            $('.reset-press').show()\r\n                            $('.press-list li').hide()\r\n                            $('.press-list li[data-date=\"' + selectedDate + '\"]').show()\r\n\r\n                            if ( selectedDate === \"\" ) {\r\n                                $('.press-list li').show()\r\n                            }\r\n                        })\r\n\r\n                        $('.reset-press').on('click', function(e) {\r\n                            e.preventDefault()\r\n                            $(this).hide()\r\n                            $('.press-list li').show()\r\n                        })\r\n                    })\r\n                })\r\n            <\/script>\r\n        <\/div>\r\n        \t\t\t\t<\/div>\n\t\t\t\t<\/div>\n\t\t\t\t<div class=\"elementor-element elementor-element-9938c7d elementor-widget elementor-widget-spacer\" data-id=\"9938c7d\" data-element_type=\"widget\" data-e-type=\"widget\" data-widget_type=\"spacer.default\">\n\t\t\t\t\t\t\t<div class=\"elementor-spacer\">\n\t\t\t<div class=\"elementor-spacer-inner\"><\/div>\n\t\t<\/div>\n\t\t\t\t\t\t<\/div>\n\t\t\t\t<\/div>\n\t\t\t\t<\/div>\n\t\t","protected":false},"excerpt":{"rendered":"<p>.page-editor .content p em { font-style: italic; font-family: &#8220;Helvetica-neue&#8221;; } Press Room You can access Milangaz press releases published since 2021. Y\u0131l T\u00fcm\u00fc 202320222021 Ara May\u0131s 2023 Milangaz Relaunch Campaign is among the best campaings in globe Temmuz 2022 Milangaz Rota for yachts (new product) Mart 2022 Highest consumer satisfaction with quality service Aral\u0131k 2021 [&hellip;]<\/p>\n","protected":false},"author":1,"featured_media":0,"parent":2654,"menu_order":0,"comment_status":"closed","ping_status":"closed","template":"","meta":{"_acf_changed":false,"footnotes":""},"class_list":["post-2681","page","type-page","status-publish","hentry"],"acf":[],"yoast_head":"<!-- This site is optimized with the Yoast SEO plugin v27.3 - https:\/\/yoast.com\/product\/yoast-seo-wordpress\/ -->\n<title>Press Releases | Milangaz<\/title>\n<meta name=\"description\" content=\"Find out more about the latest news and press releases. With Milangaz all is well.\" \/>\n<meta name=\"robots\" content=\"index, follow, max-snippet:-1, max-image-preview:large, max-video-preview:-1\" \/>\n<link rel=\"canonical\" href=\"https:\/\/milangaz.com.tr\/en\/corporate\/press-room\/\" \/>\n<meta property=\"og:locale\" content=\"en_US\" \/>\n<meta property=\"og:type\" content=\"article\" \/>\n<meta property=\"og:title\" content=\"Press Releases | Milangaz\" \/>\n<meta property=\"og:description\" content=\"Find out more about the latest news and press releases. With Milangaz all is well.\" \/>\n<meta property=\"og:url\" content=\"https:\/\/milangaz.com.tr\/en\/corporate\/press-room\/\" \/>\n<meta property=\"og:site_name\" content=\"Milangaz\" \/>\n<meta property=\"article:publisher\" content=\"https:\/\/www.facebook.com\/milangaz\" \/>\n<meta property=\"article:modified_time\" content=\"2023-11-24T09:29:41+00:00\" \/>\n<meta property=\"og:image\" content=\"https:\/\/milangaz.com.tr\/wp-content\/themes\/milangaz\/dist\/img\/lazy.png\" \/>\n<meta name=\"twitter:card\" content=\"summary_large_image\" \/>\n<meta name=\"twitter:site\" content=\"@milangaz\" \/>\n<meta name=\"twitter:label1\" content=\"Est. reading time\" \/>\n\t<meta name=\"twitter:data1\" content=\"2 minutes\" \/>\n<script type=\"application\/ld+json\" class=\"yoast-schema-graph\">{\"@context\":\"https:\\\/\\\/schema.org\",\"@graph\":[{\"@type\":\"WebPage\",\"@id\":\"https:\\\/\\\/milangaz.com.tr\\\/en\\\/corporate\\\/press-room\\\/\",\"url\":\"https:\\\/\\\/milangaz.com.tr\\\/en\\\/corporate\\\/press-room\\\/\",\"name\":\"Press Releases | Milangaz\",\"isPartOf\":{\"@id\":\"https:\\\/\\\/milangaz.com.tr\\\/en\\\/#website\"},\"primaryImageOfPage\":{\"@id\":\"https:\\\/\\\/milangaz.com.tr\\\/en\\\/corporate\\\/press-room\\\/#primaryimage\"},\"image\":{\"@id\":\"https:\\\/\\\/milangaz.com.tr\\\/en\\\/corporate\\\/press-room\\\/#primaryimage\"},\"thumbnailUrl\":\"https:\\\/\\\/milangaz.com.tr\\\/wp-content\\\/themes\\\/milangaz\\\/dist\\\/img\\\/lazy.png\",\"datePublished\":\"2023-02-24T11:36:05+00:00\",\"dateModified\":\"2023-11-24T09:29:41+00:00\",\"description\":\"Find out more about the latest news and press releases. With Milangaz all is well.\",\"breadcrumb\":{\"@id\":\"https:\\\/\\\/milangaz.com.tr\\\/en\\\/corporate\\\/press-room\\\/#breadcrumb\"},\"inLanguage\":\"en-US\",\"potentialAction\":[{\"@type\":\"ReadAction\",\"target\":[\"https:\\\/\\\/milangaz.com.tr\\\/en\\\/corporate\\\/press-room\\\/\"]}]},{\"@type\":\"ImageObject\",\"inLanguage\":\"en-US\",\"@id\":\"https:\\\/\\\/milangaz.com.tr\\\/en\\\/corporate\\\/press-room\\\/#primaryimage\",\"url\":\"https:\\\/\\\/milangaz.com.tr\\\/wp-content\\\/themes\\\/milangaz\\\/dist\\\/img\\\/lazy.png\",\"contentUrl\":\"https:\\\/\\\/milangaz.com.tr\\\/wp-content\\\/themes\\\/milangaz\\\/dist\\\/img\\\/lazy.png\"},{\"@type\":\"BreadcrumbList\",\"@id\":\"https:\\\/\\\/milangaz.com.tr\\\/en\\\/corporate\\\/press-room\\\/#breadcrumb\",\"itemListElement\":[{\"@type\":\"ListItem\",\"position\":1,\"name\":\"Anasayfa\",\"item\":\"https:\\\/\\\/milangaz.com.tr\\\/en\\\/\"},{\"@type\":\"ListItem\",\"position\":2,\"name\":\"Corporate\",\"item\":\"https:\\\/\\\/milangaz.com.tr\\\/en\\\/corporate\\\/\"},{\"@type\":\"ListItem\",\"position\":3,\"name\":\"Press Room\"}]},{\"@type\":\"WebSite\",\"@id\":\"https:\\\/\\\/milangaz.com.tr\\\/en\\\/#website\",\"url\":\"https:\\\/\\\/milangaz.com.tr\\\/en\\\/\",\"name\":\"Milangaz\",\"description\":\"T\u00fcpgaz-Otogaz-D\u00f6kmegaz\",\"publisher\":{\"@id\":\"https:\\\/\\\/milangaz.com.tr\\\/en\\\/#organization\"},\"potentialAction\":[{\"@type\":\"SearchAction\",\"target\":{\"@type\":\"EntryPoint\",\"urlTemplate\":\"https:\\\/\\\/milangaz.com.tr\\\/en\\\/?s={search_term_string}\"},\"query-input\":{\"@type\":\"PropertyValueSpecification\",\"valueRequired\":true,\"valueName\":\"search_term_string\"}}],\"inLanguage\":\"en-US\"},{\"@type\":\"Organization\",\"@id\":\"https:\\\/\\\/milangaz.com.tr\\\/en\\\/#organization\",\"name\":\"Milangaz\",\"url\":\"https:\\\/\\\/milangaz.com.tr\\\/en\\\/\",\"logo\":{\"@type\":\"ImageObject\",\"inLanguage\":\"en-US\",\"@id\":\"https:\\\/\\\/milangaz.com.tr\\\/en\\\/#\\\/schema\\\/logo\\\/image\\\/\",\"url\":\"https:\\\/\\\/milangaz.com.tr\\\/wp-content\\\/uploads\\\/2023\\\/08\\\/milangaz_logo.svg\",\"contentUrl\":\"https:\\\/\\\/milangaz.com.tr\\\/wp-content\\\/uploads\\\/2023\\\/08\\\/milangaz_logo.svg\",\"width\":235,\"height\":56,\"caption\":\"Milangaz\"},\"image\":{\"@id\":\"https:\\\/\\\/milangaz.com.tr\\\/en\\\/#\\\/schema\\\/logo\\\/image\\\/\"},\"sameAs\":[\"https:\\\/\\\/www.facebook.com\\\/milangaz\",\"https:\\\/\\\/x.com\\\/milangaz\",\"https:\\\/\\\/www.instagram.com\\\/milangaz\",\"https:\\\/\\\/www.youtube.com\\\/channel\\\/UC67jWQ02yog6s2HA3Cn2_bg\",\"https:\\\/\\\/www.linkedin.com\\\/company\\\/milangaz\\\/?viewAsMember=true\"]}]}<\/script>\n<!-- \/ Yoast SEO plugin. -->","yoast_head_json":{"title":"Press Releases | Milangaz","description":"Find out more about the latest news and press releases. With Milangaz all is well.","robots":{"index":"index","follow":"follow","max-snippet":"max-snippet:-1","max-image-preview":"max-image-preview:large","max-video-preview":"max-video-preview:-1"},"canonical":"https:\/\/milangaz.com.tr\/en\/corporate\/press-room\/","og_locale":"en_US","og_type":"article","og_title":"Press Releases | Milangaz","og_description":"Find out more about the latest news and press releases. With Milangaz all is well.","og_url":"https:\/\/milangaz.com.tr\/en\/corporate\/press-room\/","og_site_name":"Milangaz","article_publisher":"https:\/\/www.facebook.com\/milangaz","article_modified_time":"2023-11-24T09:29:41+00:00","og_image":[{"url":"https:\/\/milangaz.com.tr\/wp-content\/themes\/milangaz\/dist\/img\/lazy.png","type":"","width":"","height":""}],"twitter_card":"summary_large_image","twitter_site":"@milangaz","twitter_misc":{"Est. reading time":"2 minutes"},"schema":{"@context":"https:\/\/schema.org","@graph":[{"@type":"WebPage","@id":"https:\/\/milangaz.com.tr\/en\/corporate\/press-room\/","url":"https:\/\/milangaz.com.tr\/en\/corporate\/press-room\/","name":"Press Releases | Milangaz","isPartOf":{"@id":"https:\/\/milangaz.com.tr\/en\/#website"},"primaryImageOfPage":{"@id":"https:\/\/milangaz.com.tr\/en\/corporate\/press-room\/#primaryimage"},"image":{"@id":"https:\/\/milangaz.com.tr\/en\/corporate\/press-room\/#primaryimage"},"thumbnailUrl":"https:\/\/milangaz.com.tr\/wp-content\/themes\/milangaz\/dist\/img\/lazy.png","datePublished":"2023-02-24T11:36:05+00:00","dateModified":"2023-11-24T09:29:41+00:00","description":"Find out more about the latest news and press releases. With Milangaz all is well.","breadcrumb":{"@id":"https:\/\/milangaz.com.tr\/en\/corporate\/press-room\/#breadcrumb"},"inLanguage":"en-US","potentialAction":[{"@type":"ReadAction","target":["https:\/\/milangaz.com.tr\/en\/corporate\/press-room\/"]}]},{"@type":"ImageObject","inLanguage":"en-US","@id":"https:\/\/milangaz.com.tr\/en\/corporate\/press-room\/#primaryimage","url":"https:\/\/milangaz.com.tr\/wp-content\/themes\/milangaz\/dist\/img\/lazy.png","contentUrl":"https:\/\/milangaz.com.tr\/wp-content\/themes\/milangaz\/dist\/img\/lazy.png"},{"@type":"BreadcrumbList","@id":"https:\/\/milangaz.com.tr\/en\/corporate\/press-room\/#breadcrumb","itemListElement":[{"@type":"ListItem","position":1,"name":"Anasayfa","item":"https:\/\/milangaz.com.tr\/en\/"},{"@type":"ListItem","position":2,"name":"Corporate","item":"https:\/\/milangaz.com.tr\/en\/corporate\/"},{"@type":"ListItem","position":3,"name":"Press Room"}]},{"@type":"WebSite","@id":"https:\/\/milangaz.com.tr\/en\/#website","url":"https:\/\/milangaz.com.tr\/en\/","name":"Milangaz","description":"T\u00fcpgaz-Otogaz-D\u00f6kmegaz","publisher":{"@id":"https:\/\/milangaz.com.tr\/en\/#organization"},"potentialAction":[{"@type":"SearchAction","target":{"@type":"EntryPoint","urlTemplate":"https:\/\/milangaz.com.tr\/en\/?s={search_term_string}"},"query-input":{"@type":"PropertyValueSpecification","valueRequired":true,"valueName":"search_term_string"}}],"inLanguage":"en-US"},{"@type":"Organization","@id":"https:\/\/milangaz.com.tr\/en\/#organization","name":"Milangaz","url":"https:\/\/milangaz.com.tr\/en\/","logo":{"@type":"ImageObject","inLanguage":"en-US","@id":"https:\/\/milangaz.com.tr\/en\/#\/schema\/logo\/image\/","url":"https:\/\/milangaz.com.tr\/wp-content\/uploads\/2023\/08\/milangaz_logo.svg","contentUrl":"https:\/\/milangaz.com.tr\/wp-content\/uploads\/2023\/08\/milangaz_logo.svg","width":235,"height":56,"caption":"Milangaz"},"image":{"@id":"https:\/\/milangaz.com.tr\/en\/#\/schema\/logo\/image\/"},"sameAs":["https:\/\/www.facebook.com\/milangaz","https:\/\/x.com\/milangaz","https:\/\/www.instagram.com\/milangaz","https:\/\/www.youtube.com\/channel\/UC67jWQ02yog6s2HA3Cn2_bg","https:\/\/www.linkedin.com\/company\/milangaz\/?viewAsMember=true"]}]}},"_links":{"self":[{"href":"https:\/\/milangaz.com.tr\/en\/wp-json\/wp\/v2\/pages\/2681","targetHints":{"allow":["GET"]}}],"collection":[{"href":"https:\/\/milangaz.com.tr\/en\/wp-json\/wp\/v2\/pages"}],"about":[{"href":"https:\/\/milangaz.com.tr\/en\/wp-json\/wp\/v2\/types\/page"}],"author":[{"embeddable":true,"href":"https:\/\/milangaz.com.tr\/en\/wp-json\/wp\/v2\/users\/1"}],"replies":[{"embeddable":true,"href":"https:\/\/milangaz.com.tr\/en\/wp-json\/wp\/v2\/comments?post=2681"}],"version-history":[{"count":7,"href":"https:\/\/milangaz.com.tr\/en\/wp-json\/wp\/v2\/pages\/2681\/revisions"}],"predecessor-version":[{"id":3733,"href":"https:\/\/milangaz.com.tr\/en\/wp-json\/wp\/v2\/pages\/2681\/revisions\/3733"}],"up":[{"embeddable":true,"href":"https:\/\/milangaz.com.tr\/en\/wp-json\/wp\/v2\/pages\/2654"}],"wp:attachment":[{"href":"https:\/\/milangaz.com.tr\/en\/wp-json\/wp\/v2\/media?parent=2681"}],"curies":[{"name":"wp","href":"https:\/\/api.w.org\/{rel}","templated":true}]}}