{"id":2686,"date":"2023-02-23T13:48:24","date_gmt":"2023-02-23T10:48:24","guid":{"rendered":"https:\/\/milangaz.com.tr\/kurumsal\/rakamlarla-milangaz\/"},"modified":"2024-03-26T14:30:38","modified_gmt":"2024-03-26T11:30:38","slug":"milangaz-with-numbers","status":"publish","type":"page","link":"https:\/\/milangaz.com.tr\/en\/corporate\/milangaz-with-numbers\/","title":{"rendered":"Milangaz with Numbers"},"content":{"rendered":"\t\t<div data-elementor-type=\"wp-page\" data-elementor-id=\"2686\" class=\"elementor elementor-2686\" data-elementor-post-type=\"page\">\n\t\t\t\t<div class=\"elementor-element elementor-element-0435a3f e-con-full e-flex e-con e-parent\" data-id=\"0435a3f\" data-element_type=\"container\" data-e-type=\"container\">\n\t\t\t\t<div class=\"elementor-element elementor-element-9dfeee8 elementor-widget elementor-widget-pagedetails\" data-id=\"9dfeee8\" data-element_type=\"widget\" data-e-type=\"widget\" data-widget_type=\"pagedetails.default\">\n\t\t\t\t<div class=\"elementor-widget-container\">\n\t\t\t\t\t        <style>\r\n            .page-editor .content p em {\r\n                font-style: italic;\r\n                font-family: \"Helvetica-neue\";\r\n            }\r\n        <\/style>\r\n        <div class=\"pageHead d-flex\">\r\n            <img decoding=\"async\" class=\"img lazyload\" src=\"https:\/\/milangaz.com.tr\/wp-content\/themes\/milangaz\/assets\/img\/lazy.webp\" data-src=\"https:\/\/www.milangaz.com.tr\/wp-content\/uploads\/2023\/02\/rakamlarla-milangaz.png\" alt=\"Milangaz with Numbers\">        <\/div>\r\n\r\n        <div class=\"container\">\r\n            <div class=\"page-editor\">\r\n                <div class=\"content border\">\r\n                    <h1 class=\"title\">Milangaz with Numbers<\/h1><p>Milangaz offers quality products with more than 60 years of LPG expertise.<\/p>                <\/div>\r\n            <\/div>\r\n        <\/div>\r\n        \t\t\t\t<\/div>\n\t\t\t\t<\/div>\n\t\t\t\t<div class=\"elementor-element elementor-element-d1b4f78 elementor-widget elementor-widget-spacer\" data-id=\"d1b4f78\" data-element_type=\"widget\" data-e-type=\"widget\" data-widget_type=\"spacer.default\">\n\t\t\t\t\t\t\t<div class=\"elementor-spacer\">\n\t\t\t<div class=\"elementor-spacer-inner\"><\/div>\n\t\t<\/div>\n\t\t\t\t\t\t<\/div>\n\t\t\t\t<div class=\"elementor-element elementor-element-7b0803f elementor-widget elementor-widget-iconbox\" data-id=\"7b0803f\" data-element_type=\"widget\" data-e-type=\"widget\" data-widget_type=\"iconbox.default\">\n\t\t\t\t<div class=\"elementor-widget-container\">\n\t\t\t\t\t        <div class=\"container\">\r\n            <div class=\"icon-box\">\r\n                <div class=\"row justify-content-center\">\r\n                                            <div class=\"col-12 col-lg-5\">\r\n                            <div class=\"icon-wrap d-flex align-items-center\">\r\n                                <div class=\"icon-img d-flex align-items-center justify-content-center\">\r\n                                    <img decoding=\"async\" width=\"37\" height=\"49\" src=\"data:image\/svg+xml,%3Csvg%20xmlns%3D&#039;http%3A%2F%2Fwww.w3.org%2F2000%2Fsvg&#039;%20width%3D&#039;37&#039;%20height%3D&#039;49&#039;%20viewBox%3D&#039;0%200%20360%20320&#039;%2F%3E\" class=\"img lazyload\" alt=\"location1\" data-src=\"https:\/\/milangaz.com.tr\/wp-content\/uploads\/2023\/02\/location1.svg\" \/>                                <\/div>\r\n                                <p>LPG service to all segments at<strong>\u00a081 <\/strong>provinces and more than<strong> 950 <\/strong>districts in Turkey<\/p><p>\u00a0<\/p>                            <\/div>\r\n                        <\/div>\r\n                                            <div class=\"col-12 col-lg-5\">\r\n                            <div class=\"icon-wrap d-flex align-items-center\">\r\n                                <div class=\"icon-img d-flex align-items-center justify-content-center\">\r\n                                    <img decoding=\"async\" width=\"51\" height=\"40\" src=\"data:image\/svg+xml,%3Csvg%20xmlns%3D&#039;http%3A%2F%2Fwww.w3.org%2F2000%2Fsvg&#039;%20width%3D&#039;51&#039;%20height%3D&#039;40&#039;%20viewBox%3D&#039;0%200%20360%20320&#039;%2F%3E\" class=\"img lazyload\" alt=\"home1\" data-src=\"https:\/\/milangaz.com.tr\/wp-content\/uploads\/2023\/02\/home1.svg\" \/>                                <\/div>\r\n                                <p><span class=\"ui-provider a b c d e f g h i j k l m n o p q r s t u v w x y z ab ac ae af ag ah ai aj ak\" dir=\"ltr\">Continuous<\/span> energy to millions of households with <strong>1.000+ cylinder gas dealers and retail outlets<\/strong><\/p>                            <\/div>\r\n                        <\/div>\r\n                                            <div class=\"col-12 col-lg-5\">\r\n                            <div class=\"icon-wrap d-flex align-items-center\">\r\n                                <div class=\"icon-img d-flex align-items-center justify-content-center\">\r\n                                    <img decoding=\"async\" width=\"46\" height=\"51\" src=\"data:image\/svg+xml,%3Csvg%20xmlns%3D&#039;http%3A%2F%2Fwww.w3.org%2F2000%2Fsvg&#039;%20width%3D&#039;46&#039;%20height%3D&#039;51&#039;%20viewBox%3D&#039;0%200%20360%20320&#039;%2F%3E\" class=\"img lazyload\" alt=\"otogaz bayisi\" data-src=\"https:\/\/milangaz.com.tr\/wp-content\/uploads\/2023\/02\/otogaz-bayisi.svg\" \/>                                <\/div>\r\n                                <p>Environmentally-friendly and efficient energy to thousands of vehicles with <strong>800+ autogas stations<\/strong><\/p>                            <\/div>\r\n                        <\/div>\r\n                                            <div class=\"col-12 col-lg-5\">\r\n                            <div class=\"icon-wrap d-flex align-items-center\">\r\n                                <div class=\"icon-img d-flex align-items-center justify-content-center\">\r\n                                    <img decoding=\"async\" width=\"52\" height=\"52\" src=\"data:image\/svg+xml,%3Csvg%20xmlns%3D&#039;http%3A%2F%2Fwww.w3.org%2F2000%2Fsvg&#039;%20width%3D&#039;52&#039;%20height%3D&#039;52&#039;%20viewBox%3D&#039;0%200%20360%20320&#039;%2F%3E\" class=\"img lazyload\" alt=\"harbor\" data-src=\"https:\/\/milangaz.com.tr\/wp-content\/uploads\/2023\/02\/harbor.svg\" \/>                                <\/div>\r\n                                <p>LPG Sea Terminals at<strong> 5 different locations<\/strong> in Alia\u011fa, D\u00f6rtyol, Samsun, Yar\u0131mca and Marmara Ere\u011flisi<\/p>                            <\/div>\r\n                        <\/div>\r\n                                            <div class=\"col-12 col-lg-5\">\r\n                            <div class=\"icon-wrap d-flex align-items-center\">\r\n                                <div class=\"icon-img d-flex align-items-center justify-content-center\">\r\n                                    <img decoding=\"async\" width=\"53\" height=\"50\" src=\"data:image\/svg+xml,%3Csvg%20xmlns%3D&#039;http%3A%2F%2Fwww.w3.org%2F2000%2Fsvg&#039;%20width%3D&#039;53&#039;%20height%3D&#039;50&#039;%20viewBox%3D&#039;0%200%20360%20320&#039;%2F%3E\" class=\"img lazyload\" alt=\"factory\" data-src=\"https:\/\/milangaz.com.tr\/wp-content\/uploads\/2023\/02\/factory.svg\" \/>                                <\/div>\r\n                                <p>LPG facilities at <strong>21 provinces<\/strong><\/p>                            <\/div>\r\n                        <\/div>\r\n                                            <div class=\"col-12 col-lg-5\">\r\n                            <div class=\"icon-wrap d-flex align-items-center\">\r\n                                <div class=\"icon-img d-flex align-items-center justify-content-center\">\r\n                                    <img decoding=\"async\" width=\"49\" height=\"40\" src=\"data:image\/svg+xml,%3Csvg%20xmlns%3D&#039;http%3A%2F%2Fwww.w3.org%2F2000%2Fsvg&#039;%20width%3D&#039;49&#039;%20height%3D&#039;40&#039;%20viewBox%3D&#039;0%200%20360%20320&#039;%2F%3E\" class=\"img lazyload\" alt=\"oil tank\" data-src=\"https:\/\/milangaz.com.tr\/wp-content\/uploads\/2023\/02\/oil-tank.svg\" \/>                                <\/div>\r\n                                <p><strong>137.000 m3<\/strong> LPG storage capacity<\/p>                            <\/div>\r\n                        <\/div>\r\n                                            <div class=\"col-12 col-lg-5\">\r\n                            <div class=\"icon-wrap d-flex align-items-center\">\r\n                                <div class=\"icon-img d-flex align-items-center justify-content-center\">\r\n                                    <img decoding=\"async\" width=\"36\" height=\"50\" src=\"data:image\/svg+xml,%3Csvg%20xmlns%3D&#039;http%3A%2F%2Fwww.w3.org%2F2000%2Fsvg&#039;%20width%3D&#039;36&#039;%20height%3D&#039;50&#039;%20viewBox%3D&#039;0%200%20360%20320&#039;%2F%3E\" class=\"img lazyload\" alt=\"gas bottle\" data-src=\"https:\/\/milangaz.com.tr\/wp-content\/uploads\/2023\/02\/gas-bottle.svg\" \/>                                <\/div>\r\n                                <p>LPG Cylinder Production Factory with more than <strong>700.000+ cylinder production<\/strong> capacity<\/p>                            <\/div>\r\n                        <\/div>\r\n                                            <div class=\"col-12 col-lg-5\">\r\n                            <div class=\"icon-wrap d-flex align-items-center\">\r\n                                <div class=\"icon-img d-flex align-items-center justify-content-center\">\r\n                                    <img decoding=\"async\" width=\"38\" height=\"38\" src=\"data:image\/svg+xml,%3Csvg%20xmlns%3D&#039;http%3A%2F%2Fwww.w3.org%2F2000%2Fsvg&#039;%20width%3D&#039;38&#039;%20height%3D&#039;38&#039;%20viewBox%3D&#039;0%200%20360%20320&#039;%2F%3E\" class=\"img lazyload\" alt=\"telephone call1\" data-src=\"https:\/\/milangaz.com.tr\/wp-content\/uploads\/2023\/02\/telephone-call1.svg\" \/>                                <\/div>\r\n                                <p>Instant support with Milangaz call center<br \/><span style=\"text-decoration: underline\"><a href=\"tel:4440120\"><strong>444 0 120<\/strong><\/a><\/span>\u00a0<\/p>                            <\/div>\r\n                        <\/div>\r\n                                    <\/div>\r\n            <\/div>\r\n        <\/div>\r\n        \t\t\t\t<\/div>\n\t\t\t\t<\/div>\n\t\t\t\t<div class=\"elementor-element elementor-element-23e0145 elementor-widget elementor-widget-spacer\" data-id=\"23e0145\" data-element_type=\"widget\" data-e-type=\"widget\" data-widget_type=\"spacer.default\">\n\t\t\t\t\t\t\t<div class=\"elementor-spacer\">\n\t\t\t<div class=\"elementor-spacer-inner\"><\/div>\n\t\t<\/div>\n\t\t\t\t\t\t<\/div>\n\t\t\t\t<\/div>\n\t\t\t\t<\/div>\n\t\t","protected":false},"excerpt":{"rendered":"<p>.page-editor .content p em { font-style: italic; font-family: &#8220;Helvetica-neue&#8221;; } Milangaz with Numbers Milangaz offers quality products with more than 60 years of LPG expertise. LPG service to all segments at\u00a081 provinces and more than 950 districts in Turkey \u00a0 Continuous energy to millions of households with 1.000+ cylinder gas dealers and retail outlets Environmentally-friendly [&hellip;]<\/p>\n","protected":false},"author":1,"featured_media":0,"parent":2654,"menu_order":0,"comment_status":"closed","ping_status":"closed","template":"","meta":{"_acf_changed":false,"footnotes":""},"class_list":["post-2686","page","type-page","status-publish","hentry"],"acf":[],"yoast_head":"<!-- This site is optimized with the Yoast SEO plugin v27.3 - https:\/\/yoast.com\/product\/yoast-seo-wordpress\/ -->\n<title>Milangaz with Numbers | Milangaz<\/title>\n<meta name=\"description\" content=\"Milangaz hakk\u0131nda daha fazla bilgi edinin. \u00dclkemizde 1000\u2019i a\u015fk\u0131n t\u00fcpgaz bayisi ve perakende sat\u0131\u015f noktas\u0131, 700\u2019\u00fcn \u00fczerinde otogaz bayisi ile hizmet veren Milangaz, T\u00fcrkiye genelinde konutlara, sanayi ve ticari i\u015fletmelere d\u00f6kmegaz hizmeti de sunmaktad\u0131r.\" \/>\n<meta name=\"robots\" content=\"index, follow, max-snippet:-1, max-image-preview:large, max-video-preview:-1\" \/>\n<link rel=\"canonical\" href=\"https:\/\/milangaz.com.tr\/en\/corporate\/milangaz-with-numbers\/\" \/>\n<meta property=\"og:locale\" content=\"en_US\" \/>\n<meta property=\"og:type\" content=\"article\" \/>\n<meta property=\"og:title\" content=\"Milangaz with Numbers | Milangaz\" \/>\n<meta property=\"og:description\" content=\"Milangaz hakk\u0131nda daha fazla bilgi edinin. \u00dclkemizde 1000\u2019i a\u015fk\u0131n t\u00fcpgaz bayisi ve perakende sat\u0131\u015f noktas\u0131, 700\u2019\u00fcn \u00fczerinde otogaz bayisi ile hizmet veren Milangaz, T\u00fcrkiye genelinde konutlara, sanayi ve ticari i\u015fletmelere d\u00f6kmegaz hizmeti de sunmaktad\u0131r.\" \/>\n<meta property=\"og:url\" content=\"https:\/\/milangaz.com.tr\/en\/corporate\/milangaz-with-numbers\/\" \/>\n<meta property=\"og:site_name\" content=\"Milangaz\" \/>\n<meta property=\"article:publisher\" content=\"https:\/\/www.facebook.com\/milangaz\" \/>\n<meta property=\"article:modified_time\" content=\"2024-03-26T11:30:38+00:00\" \/>\n<meta property=\"og:image\" content=\"https:\/\/milangaz.com.tr\/wp-content\/themes\/milangaz\/dist\/img\/lazy.png\" \/>\n<meta name=\"twitter:card\" content=\"summary_large_image\" \/>\n<meta name=\"twitter:site\" content=\"@milangaz\" \/>\n<meta name=\"twitter:label1\" content=\"Est. reading time\" \/>\n\t<meta name=\"twitter:data1\" content=\"3 minutes\" \/>\n<script type=\"application\/ld+json\" class=\"yoast-schema-graph\">{\"@context\":\"https:\\\/\\\/schema.org\",\"@graph\":[{\"@type\":\"WebPage\",\"@id\":\"https:\\\/\\\/milangaz.com.tr\\\/en\\\/corporate\\\/milangaz-with-numbers\\\/\",\"url\":\"https:\\\/\\\/milangaz.com.tr\\\/en\\\/corporate\\\/milangaz-with-numbers\\\/\",\"name\":\"Milangaz with Numbers | Milangaz\",\"isPartOf\":{\"@id\":\"https:\\\/\\\/milangaz.com.tr\\\/en\\\/#website\"},\"primaryImageOfPage\":{\"@id\":\"https:\\\/\\\/milangaz.com.tr\\\/en\\\/corporate\\\/milangaz-with-numbers\\\/#primaryimage\"},\"image\":{\"@id\":\"https:\\\/\\\/milangaz.com.tr\\\/en\\\/corporate\\\/milangaz-with-numbers\\\/#primaryimage\"},\"thumbnailUrl\":\"https:\\\/\\\/milangaz.com.tr\\\/wp-content\\\/themes\\\/milangaz\\\/dist\\\/img\\\/lazy.png\",\"datePublished\":\"2023-02-23T10:48:24+00:00\",\"dateModified\":\"2024-03-26T11:30:38+00:00\",\"description\":\"Milangaz hakk\u0131nda daha fazla bilgi edinin. \u00dclkemizde 1000\u2019i a\u015fk\u0131n t\u00fcpgaz bayisi ve perakende sat\u0131\u015f noktas\u0131, 700\u2019\u00fcn \u00fczerinde otogaz bayisi ile hizmet veren Milangaz, T\u00fcrkiye genelinde konutlara, sanayi ve ticari i\u015fletmelere d\u00f6kmegaz hizmeti de sunmaktad\u0131r.\",\"breadcrumb\":{\"@id\":\"https:\\\/\\\/milangaz.com.tr\\\/en\\\/corporate\\\/milangaz-with-numbers\\\/#breadcrumb\"},\"inLanguage\":\"en-US\",\"potentialAction\":[{\"@type\":\"ReadAction\",\"target\":[\"https:\\\/\\\/milangaz.com.tr\\\/en\\\/corporate\\\/milangaz-with-numbers\\\/\"]}]},{\"@type\":\"ImageObject\",\"inLanguage\":\"en-US\",\"@id\":\"https:\\\/\\\/milangaz.com.tr\\\/en\\\/corporate\\\/milangaz-with-numbers\\\/#primaryimage\",\"url\":\"https:\\\/\\\/milangaz.com.tr\\\/wp-content\\\/themes\\\/milangaz\\\/dist\\\/img\\\/lazy.png\",\"contentUrl\":\"https:\\\/\\\/milangaz.com.tr\\\/wp-content\\\/themes\\\/milangaz\\\/dist\\\/img\\\/lazy.png\"},{\"@type\":\"BreadcrumbList\",\"@id\":\"https:\\\/\\\/milangaz.com.tr\\\/en\\\/corporate\\\/milangaz-with-numbers\\\/#breadcrumb\",\"itemListElement\":[{\"@type\":\"ListItem\",\"position\":1,\"name\":\"Anasayfa\",\"item\":\"https:\\\/\\\/milangaz.com.tr\\\/en\\\/\"},{\"@type\":\"ListItem\",\"position\":2,\"name\":\"Corporate\",\"item\":\"https:\\\/\\\/milangaz.com.tr\\\/en\\\/corporate\\\/\"},{\"@type\":\"ListItem\",\"position\":3,\"name\":\"Milangaz with Numbers\"}]},{\"@type\":\"WebSite\",\"@id\":\"https:\\\/\\\/milangaz.com.tr\\\/en\\\/#website\",\"url\":\"https:\\\/\\\/milangaz.com.tr\\\/en\\\/\",\"name\":\"Milangaz\",\"description\":\"T\u00fcpgaz-Otogaz-D\u00f6kmegaz\",\"publisher\":{\"@id\":\"https:\\\/\\\/milangaz.com.tr\\\/en\\\/#organization\"},\"potentialAction\":[{\"@type\":\"SearchAction\",\"target\":{\"@type\":\"EntryPoint\",\"urlTemplate\":\"https:\\\/\\\/milangaz.com.tr\\\/en\\\/?s={search_term_string}\"},\"query-input\":{\"@type\":\"PropertyValueSpecification\",\"valueRequired\":true,\"valueName\":\"search_term_string\"}}],\"inLanguage\":\"en-US\"},{\"@type\":\"Organization\",\"@id\":\"https:\\\/\\\/milangaz.com.tr\\\/en\\\/#organization\",\"name\":\"Milangaz\",\"url\":\"https:\\\/\\\/milangaz.com.tr\\\/en\\\/\",\"logo\":{\"@type\":\"ImageObject\",\"inLanguage\":\"en-US\",\"@id\":\"https:\\\/\\\/milangaz.com.tr\\\/en\\\/#\\\/schema\\\/logo\\\/image\\\/\",\"url\":\"https:\\\/\\\/milangaz.com.tr\\\/wp-content\\\/uploads\\\/2023\\\/08\\\/milangaz_logo.svg\",\"contentUrl\":\"https:\\\/\\\/milangaz.com.tr\\\/wp-content\\\/uploads\\\/2023\\\/08\\\/milangaz_logo.svg\",\"width\":235,\"height\":56,\"caption\":\"Milangaz\"},\"image\":{\"@id\":\"https:\\\/\\\/milangaz.com.tr\\\/en\\\/#\\\/schema\\\/logo\\\/image\\\/\"},\"sameAs\":[\"https:\\\/\\\/www.facebook.com\\\/milangaz\",\"https:\\\/\\\/x.com\\\/milangaz\",\"https:\\\/\\\/www.instagram.com\\\/milangaz\",\"https:\\\/\\\/www.youtube.com\\\/channel\\\/UC67jWQ02yog6s2HA3Cn2_bg\",\"https:\\\/\\\/www.linkedin.com\\\/company\\\/milangaz\\\/?viewAsMember=true\"]}]}<\/script>\n<!-- \/ Yoast SEO plugin. -->","yoast_head_json":{"title":"Milangaz with Numbers | Milangaz","description":"Milangaz hakk\u0131nda daha fazla bilgi edinin. \u00dclkemizde 1000\u2019i a\u015fk\u0131n t\u00fcpgaz bayisi ve perakende sat\u0131\u015f noktas\u0131, 700\u2019\u00fcn \u00fczerinde otogaz bayisi ile hizmet veren Milangaz, T\u00fcrkiye genelinde konutlara, sanayi ve ticari i\u015fletmelere d\u00f6kmegaz hizmeti de sunmaktad\u0131r.","robots":{"index":"index","follow":"follow","max-snippet":"max-snippet:-1","max-image-preview":"max-image-preview:large","max-video-preview":"max-video-preview:-1"},"canonical":"https:\/\/milangaz.com.tr\/en\/corporate\/milangaz-with-numbers\/","og_locale":"en_US","og_type":"article","og_title":"Milangaz with Numbers | Milangaz","og_description":"Milangaz hakk\u0131nda daha fazla bilgi edinin. \u00dclkemizde 1000\u2019i a\u015fk\u0131n t\u00fcpgaz bayisi ve perakende sat\u0131\u015f noktas\u0131, 700\u2019\u00fcn \u00fczerinde otogaz bayisi ile hizmet veren Milangaz, T\u00fcrkiye genelinde konutlara, sanayi ve ticari i\u015fletmelere d\u00f6kmegaz hizmeti de sunmaktad\u0131r.","og_url":"https:\/\/milangaz.com.tr\/en\/corporate\/milangaz-with-numbers\/","og_site_name":"Milangaz","article_publisher":"https:\/\/www.facebook.com\/milangaz","article_modified_time":"2024-03-26T11:30:38+00:00","og_image":[{"url":"https:\/\/milangaz.com.tr\/wp-content\/themes\/milangaz\/dist\/img\/lazy.png","type":"","width":"","height":""}],"twitter_card":"summary_large_image","twitter_site":"@milangaz","twitter_misc":{"Est. reading time":"3 minutes"},"schema":{"@context":"https:\/\/schema.org","@graph":[{"@type":"WebPage","@id":"https:\/\/milangaz.com.tr\/en\/corporate\/milangaz-with-numbers\/","url":"https:\/\/milangaz.com.tr\/en\/corporate\/milangaz-with-numbers\/","name":"Milangaz with Numbers | Milangaz","isPartOf":{"@id":"https:\/\/milangaz.com.tr\/en\/#website"},"primaryImageOfPage":{"@id":"https:\/\/milangaz.com.tr\/en\/corporate\/milangaz-with-numbers\/#primaryimage"},"image":{"@id":"https:\/\/milangaz.com.tr\/en\/corporate\/milangaz-with-numbers\/#primaryimage"},"thumbnailUrl":"https:\/\/milangaz.com.tr\/wp-content\/themes\/milangaz\/dist\/img\/lazy.png","datePublished":"2023-02-23T10:48:24+00:00","dateModified":"2024-03-26T11:30:38+00:00","description":"Milangaz hakk\u0131nda daha fazla bilgi edinin. \u00dclkemizde 1000\u2019i a\u015fk\u0131n t\u00fcpgaz bayisi ve perakende sat\u0131\u015f noktas\u0131, 700\u2019\u00fcn \u00fczerinde otogaz bayisi ile hizmet veren Milangaz, T\u00fcrkiye genelinde konutlara, sanayi ve ticari i\u015fletmelere d\u00f6kmegaz hizmeti de sunmaktad\u0131r.","breadcrumb":{"@id":"https:\/\/milangaz.com.tr\/en\/corporate\/milangaz-with-numbers\/#breadcrumb"},"inLanguage":"en-US","potentialAction":[{"@type":"ReadAction","target":["https:\/\/milangaz.com.tr\/en\/corporate\/milangaz-with-numbers\/"]}]},{"@type":"ImageObject","inLanguage":"en-US","@id":"https:\/\/milangaz.com.tr\/en\/corporate\/milangaz-with-numbers\/#primaryimage","url":"https:\/\/milangaz.com.tr\/wp-content\/themes\/milangaz\/dist\/img\/lazy.png","contentUrl":"https:\/\/milangaz.com.tr\/wp-content\/themes\/milangaz\/dist\/img\/lazy.png"},{"@type":"BreadcrumbList","@id":"https:\/\/milangaz.com.tr\/en\/corporate\/milangaz-with-numbers\/#breadcrumb","itemListElement":[{"@type":"ListItem","position":1,"name":"Anasayfa","item":"https:\/\/milangaz.com.tr\/en\/"},{"@type":"ListItem","position":2,"name":"Corporate","item":"https:\/\/milangaz.com.tr\/en\/corporate\/"},{"@type":"ListItem","position":3,"name":"Milangaz with Numbers"}]},{"@type":"WebSite","@id":"https:\/\/milangaz.com.tr\/en\/#website","url":"https:\/\/milangaz.com.tr\/en\/","name":"Milangaz","description":"T\u00fcpgaz-Otogaz-D\u00f6kmegaz","publisher":{"@id":"https:\/\/milangaz.com.tr\/en\/#organization"},"potentialAction":[{"@type":"SearchAction","target":{"@type":"EntryPoint","urlTemplate":"https:\/\/milangaz.com.tr\/en\/?s={search_term_string}"},"query-input":{"@type":"PropertyValueSpecification","valueRequired":true,"valueName":"search_term_string"}}],"inLanguage":"en-US"},{"@type":"Organization","@id":"https:\/\/milangaz.com.tr\/en\/#organization","name":"Milangaz","url":"https:\/\/milangaz.com.tr\/en\/","logo":{"@type":"ImageObject","inLanguage":"en-US","@id":"https:\/\/milangaz.com.tr\/en\/#\/schema\/logo\/image\/","url":"https:\/\/milangaz.com.tr\/wp-content\/uploads\/2023\/08\/milangaz_logo.svg","contentUrl":"https:\/\/milangaz.com.tr\/wp-content\/uploads\/2023\/08\/milangaz_logo.svg","width":235,"height":56,"caption":"Milangaz"},"image":{"@id":"https:\/\/milangaz.com.tr\/en\/#\/schema\/logo\/image\/"},"sameAs":["https:\/\/www.facebook.com\/milangaz","https:\/\/x.com\/milangaz","https:\/\/www.instagram.com\/milangaz","https:\/\/www.youtube.com\/channel\/UC67jWQ02yog6s2HA3Cn2_bg","https:\/\/www.linkedin.com\/company\/milangaz\/?viewAsMember=true"]}]}},"_links":{"self":[{"href":"https:\/\/milangaz.com.tr\/en\/wp-json\/wp\/v2\/pages\/2686","targetHints":{"allow":["GET"]}}],"collection":[{"href":"https:\/\/milangaz.com.tr\/en\/wp-json\/wp\/v2\/pages"}],"about":[{"href":"https:\/\/milangaz.com.tr\/en\/wp-json\/wp\/v2\/types\/page"}],"author":[{"embeddable":true,"href":"https:\/\/milangaz.com.tr\/en\/wp-json\/wp\/v2\/users\/1"}],"replies":[{"embeddable":true,"href":"https:\/\/milangaz.com.tr\/en\/wp-json\/wp\/v2\/comments?post=2686"}],"version-history":[{"count":22,"href":"https:\/\/milangaz.com.tr\/en\/wp-json\/wp\/v2\/pages\/2686\/revisions"}],"predecessor-version":[{"id":4006,"href":"https:\/\/milangaz.com.tr\/en\/wp-json\/wp\/v2\/pages\/2686\/revisions\/4006"}],"up":[{"embeddable":true,"href":"https:\/\/milangaz.com.tr\/en\/wp-json\/wp\/v2\/pages\/2654"}],"wp:attachment":[{"href":"https:\/\/milangaz.com.tr\/en\/wp-json\/wp\/v2\/media?parent=2686"}],"curies":[{"name":"wp","href":"https:\/\/api.w.org\/{rel}","templated":true}]}}