{"id":2689,"date":"2023-02-21T06:41:11","date_gmt":"2023-02-21T03:41:11","guid":{"rendered":"https:\/\/milangaz.com.tr\/kurumsal\/hakkimizda\/"},"modified":"2025-07-31T11:31:20","modified_gmt":"2025-07-31T08:31:20","slug":"about-us","status":"publish","type":"page","link":"https:\/\/milangaz.com.tr\/en\/corporate\/about-us\/","title":{"rendered":"About Us"},"content":{"rendered":"\t\t<div data-elementor-type=\"wp-page\" data-elementor-id=\"2689\" class=\"elementor elementor-2689\" data-elementor-post-type=\"page\">\n\t\t\t\t<div class=\"elementor-element elementor-element-0435a3f e-con-full e-flex e-con e-parent\" data-id=\"0435a3f\" data-element_type=\"container\" data-e-type=\"container\">\n\t\t\t\t<div class=\"elementor-element elementor-element-9dfeee8 elementor-widget elementor-widget-pagedetails\" data-id=\"9dfeee8\" data-element_type=\"widget\" data-e-type=\"widget\" data-widget_type=\"pagedetails.default\">\n\t\t\t\t<div class=\"elementor-widget-container\">\n\t\t\t\t\t        <style>\r\n            .page-editor .content p em {\r\n                font-style: italic;\r\n                font-family: \"Helvetica-neue\";\r\n            }\r\n        <\/style>\r\n        <div class=\"pageHead d-flex\">\r\n            <img decoding=\"async\" class=\"img lazyload\" src=\"https:\/\/milangaz.com.tr\/wp-content\/themes\/milangaz\/assets\/img\/lazy.webp\" data-src=\"https:\/\/milangaz.com.tr\/wp-content\/uploads\/2023\/10\/hakkimizda_banner_eng.png\" alt=\"About Us\">        <\/div>\r\n\r\n        <div class=\"container\">\r\n            <div class=\"page-editor\">\r\n                <div class=\"content border\">\r\n                    <h1 class=\"title\">Milangaz, the expert brand of Turkish LPG market<\/h1><p>Milangaz is among the leading players in the LPG sector with its consumer-oriented and quality focus approach since 1960. By being a preferred brand for consumers, Milangaz offers LPG service to all segments in more than 950 districts and 81 provinces in Turkey.<\/p><p>By focusing on fast and reliable service Milangaz aims high consumer satisfaction with its high quality, environmentally-friendly and innovative products in line with its competitive strategy. Milangaz offers its expertise and quality to consumers with 5 sea terminals, cylinder manufacturing factory, located in Hatay D\u00f6rtyol, 21 LPG facilities and LPG cylinder filling plants in Turkey.<\/p><p><img decoding=\"async\" class=\"desktop-hidden strech alignnone wp-image-2256 size-full\" src=\"https:\/\/milangaz.com.tr\/wp-content\/uploads\/2023\/08\/milangaz_hakkimizda.png\" alt=\"milangaz tesis g\u00f6rseli\" width=\"390\" height=\"188\" srcset=\"https:\/\/milangaz.com.tr\/wp-content\/uploads\/2023\/08\/milangaz_hakkimizda.png 390w, https:\/\/milangaz.com.tr\/wp-content\/uploads\/2023\/08\/milangaz_hakkimizda-300x145.png 300w\" sizes=\"(max-width: 390px) 100vw, 390px\" \/><\/p><p>Besides serving with more than 1.000 cylinder gas dealers and retail outlets and over 800 autogas stations, Milangaz also offers bulk gas services to households, industrial and commercial enterprises throughout Turkey.<\/p><p>Milangaz provides energy to millions of households every year with cylinder gas and offers efficiency and high quality in every product. Every day, thousands of vehicles prefer environmentally-friendly, high-octane, efficient and high-performance Milangaz Autogas. Milangaz also offers safe system and guarantees continuous supply service with its bulk gas service.<\/p><p>Milangaz offers innovative, environmentally-friendly products\/projects and continuously invests in technological infrastructure and human resource in line with the consumer needs and expectations with its motto \"With Milangaz, all is well\"<\/p><p><a href=\"https:\/\/milangaz.com.tr\/wp-content\/uploads\/2023\/12\/EYS-POL-001-Entegre-Yonetim-Sistemi-EYS-Politika-BelgesiGRFCm.pdf\" target=\"_blank\" rel=\"noopener\">Milangaz\u00a0Integrated Management System Policy<\/a><\/p>                <\/div>\r\n            <\/div>\r\n        <\/div>\r\n        \t\t\t\t<\/div>\n\t\t\t\t<\/div>\n\t\t\t\t<div class=\"elementor-element elementor-element-d1b4f78 elementor-widget elementor-widget-spacer\" data-id=\"d1b4f78\" data-element_type=\"widget\" data-e-type=\"widget\" data-widget_type=\"spacer.default\">\n\t\t\t\t\t\t\t<div class=\"elementor-spacer\">\n\t\t\t<div class=\"elementor-spacer-inner\"><\/div>\n\t\t<\/div>\n\t\t\t\t\t\t<\/div>\n\t\t\t\t<div class=\"elementor-element elementor-element-7f26b7e elementor-widget elementor-widget-contactus\" data-id=\"7f26b7e\" data-element_type=\"widget\" data-e-type=\"widget\" data-widget_type=\"contactus.default\">\n\t\t\t\t<div class=\"elementor-widget-container\">\n\t\t\t\t\t        <div class=\"contactUs\">\n            <div class=\"container\">\n                <div class=\"row\">\n                    <div class=\"col-12 col-lg-5 align-self-end\">\n                        <div class=\"contact-img\">\n                            <img decoding=\"async\" width=\"555\" height=\"602\" src=\"data:image\/svg+xml,%3Csvg%20xmlns%3D&#039;http%3A%2F%2Fwww.w3.org%2F2000%2Fsvg&#039;%20width%3D&#039;555&#039;%20height%3D&#039;602&#039;%20viewBox%3D&#039;0%200%20360%20320&#039;%2F%3E\" class=\"img lazyload\" alt=\"\" srcset=\"\" sizes=\"(max-width: 555px) 100vw, 555px\" data-src=\"https:\/\/milangaz.com.tr\/wp-content\/uploads\/2023\/02\/contact-profile.png\" data-srcset=\"https:\/\/milangaz.com.tr\/wp-content\/uploads\/2023\/02\/contact-profile.png 555w, https:\/\/milangaz.com.tr\/wp-content\/uploads\/2023\/02\/contact-profile-277x300.png 277w\" \/>                        <\/div>\n                    <\/div>\n\n                    <div class=\"col-12 col-lg-7\">\n                        <div class=\"contact-box\">\n                                <h3 class=\"title\">Contact Us<\/h3>\r\n\r\n    <form action=\"\" method=\"post\" id=\"contactform\"\r\n          data-title=\"About Us\"\r\n          data-permalink=\"https:\/\/milangaz.com.tr\/en\/corporate\/about-us\/\">\r\n\r\n        <div class=\"input-t d-flex\">\r\n            <input type=\"text\" id=\"ctname\" name=\"ctname\"\r\n                   placeholder=\"First name*\"\r\n                   required>\r\n            <input type=\"text\" id=\"ctsurname\" name=\"ctsurname\"\r\n                   placeholder=\"Last name*\"\r\n                   required>\r\n        <\/div>\r\n\r\n        <div class=\"input-t d-flex\">\r\n            <input type=\"tel\" id=\"ctphone\" name=\"ctphone\"\r\n                   placeholder=\"Phone number*\"\r\n                   autocomplete=\"tel\" inputmode=\"tel\"\r\n                   required>\r\n            <input type=\"email\" id=\"ctmail\" name=\"ctmail\"\r\n                   placeholder=\"Email address\">\r\n        <\/div>\r\n\r\n        <div class=\"input-t\">\r\n            <textarea id=\"ctmessage\" name=\"ctmessage\" rows=\"4\"\r\n                      placeholder=\"Message*\"\r\n                      required><\/textarea>\r\n        <\/div>\r\n\r\n        <div class=\"input-t d-flex align-items-center\">\r\n            <input type=\"checkbox\" name=\"ctcheck\" id=\"ctcheck\" class=\"styled-checkbox\" required>\r\n            <label for=\"ctcheck\">By submitting this form, I accept and declare that I consent to the processing of my personal and special categories of personal data by Milangaz.*<\/label>\r\n            <button type=\"submit\">Send<\/button>\r\n        <\/div>\r\n    <\/form>\r\n\r\n    <div class=\"contactNonce\" data-nonce=\"b70f21c2d4\"><\/div>\r\n\r\n    <script>\r\n        document.addEventListener('DOMContentLoaded', function () {\r\n            const getForm   = selector(\"#contactform\");\r\n            const dataNonce = getDataset(\".contactNonce\", \"nonce\");\r\n            const ajax      = new AjaxForm();\r\n\r\n            getForm.addEventListener('submit', function (e) {\r\n                e.preventDefault();\r\n\r\n                \/\/ Telefon alan\u0131 zorunlu; ek uzunluk k\u0131s\u0131t\u0131 yok\r\n                const formData = new FormData(getForm);\r\n                const info = getForm.dataset;\r\n\r\n                formData.append('action', 'contact_form');\r\n                formData.append('security', dataNonce);\r\n                formData.append('thetitle', info.title);\r\n                formData.append('thepermalink', info.permalink);\r\n\r\n                ajax.fetchForm(formData, getForm);\r\n            });\r\n\r\n            \/\/ TR sayfalar\u0131nda maske kals\u0131n, EN sayfada \u00e7al\u0131\u015fmas\u0131n\r\n            \r\n            customValidation(\"ctcheck\");\r\n        });\r\n    <\/script>\r\n                            <\/div>\n                    <\/div>\n                <\/div>\n            <\/div>\n        <\/div>\n        \t\t\t\t<\/div>\n\t\t\t\t<\/div>\n\t\t\t\t<\/div>\n\t\t\t\t<\/div>\n\t\t","protected":false},"excerpt":{"rendered":"<p>.page-editor .content p em { font-style: italic; font-family: &#8220;Helvetica-neue&#8221;; } Milangaz, the expert brand of Turkish LPG market Milangaz is among the leading players in the LPG sector with its consumer-oriented and quality focus approach since 1960. By being a preferred brand for consumers, Milangaz offers LPG service to all segments in more than 950 [&hellip;]<\/p>\n","protected":false},"author":1,"featured_media":0,"parent":2654,"menu_order":0,"comment_status":"closed","ping_status":"closed","template":"","meta":{"_acf_changed":false,"footnotes":""},"class_list":["post-2689","page","type-page","status-publish","hentry"],"acf":[],"yoast_head":"<!-- This site is optimized with the Yoast SEO plugin v27.3 - https:\/\/yoast.com\/product\/yoast-seo-wordpress\/ -->\n<title>About Us | Milangaz Corporate<\/title>\n<meta name=\"description\" content=\"Milangaz provides energy with more than 1.000 cylinder gas dealers and retail outlets and over 700 autogas stations. Milangaz also offers bulk gas service.\" \/>\n<meta name=\"robots\" content=\"index, follow, max-snippet:-1, max-image-preview:large, max-video-preview:-1\" \/>\n<link rel=\"canonical\" href=\"https:\/\/milangaz.com.tr\/en\/corporate\/about-us\/\" \/>\n<meta property=\"og:locale\" content=\"en_US\" \/>\n<meta property=\"og:type\" content=\"article\" \/>\n<meta property=\"og:title\" content=\"About Us | Milangaz Corporate\" \/>\n<meta property=\"og:description\" content=\"Milangaz provides energy with more than 1.000 cylinder gas dealers and retail outlets and over 700 autogas stations. Milangaz also offers bulk gas service.\" \/>\n<meta property=\"og:url\" content=\"https:\/\/milangaz.com.tr\/en\/corporate\/about-us\/\" \/>\n<meta property=\"og:site_name\" content=\"Milangaz\" \/>\n<meta property=\"article:publisher\" content=\"https:\/\/www.facebook.com\/milangaz\" \/>\n<meta property=\"article:modified_time\" content=\"2025-07-31T08:31:20+00:00\" \/>\n<meta property=\"og:image\" content=\"https:\/\/milangaz.com.tr\/wp-content\/themes\/milangaz\/assets\/img\/lazy.webp\" \/>\n<meta name=\"twitter:card\" content=\"summary_large_image\" \/>\n<meta name=\"twitter:site\" content=\"@milangaz\" \/>\n<meta name=\"twitter:label1\" content=\"Est. reading time\" \/>\n\t<meta name=\"twitter:data1\" content=\"3 minutes\" \/>\n<script type=\"application\/ld+json\" class=\"yoast-schema-graph\">{\"@context\":\"https:\\\/\\\/schema.org\",\"@graph\":[{\"@type\":\"WebPage\",\"@id\":\"https:\\\/\\\/milangaz.com.tr\\\/en\\\/corporate\\\/about-us\\\/\",\"url\":\"https:\\\/\\\/milangaz.com.tr\\\/en\\\/corporate\\\/about-us\\\/\",\"name\":\"About Us | Milangaz Corporate\",\"isPartOf\":{\"@id\":\"https:\\\/\\\/milangaz.com.tr\\\/en\\\/#website\"},\"primaryImageOfPage\":{\"@id\":\"https:\\\/\\\/milangaz.com.tr\\\/en\\\/corporate\\\/about-us\\\/#primaryimage\"},\"image\":{\"@id\":\"https:\\\/\\\/milangaz.com.tr\\\/en\\\/corporate\\\/about-us\\\/#primaryimage\"},\"thumbnailUrl\":\"https:\\\/\\\/milangaz.com.tr\\\/wp-content\\\/themes\\\/milangaz\\\/assets\\\/img\\\/lazy.webp\",\"datePublished\":\"2023-02-21T03:41:11+00:00\",\"dateModified\":\"2025-07-31T08:31:20+00:00\",\"description\":\"Milangaz provides energy with more than 1.000 cylinder gas dealers and retail outlets and over 700 autogas stations. Milangaz also offers bulk gas service.\",\"breadcrumb\":{\"@id\":\"https:\\\/\\\/milangaz.com.tr\\\/en\\\/corporate\\\/about-us\\\/#breadcrumb\"},\"inLanguage\":\"en-US\",\"potentialAction\":[{\"@type\":\"ReadAction\",\"target\":[\"https:\\\/\\\/milangaz.com.tr\\\/en\\\/corporate\\\/about-us\\\/\"]}]},{\"@type\":\"ImageObject\",\"inLanguage\":\"en-US\",\"@id\":\"https:\\\/\\\/milangaz.com.tr\\\/en\\\/corporate\\\/about-us\\\/#primaryimage\",\"url\":\"https:\\\/\\\/milangaz.com.tr\\\/wp-content\\\/themes\\\/milangaz\\\/assets\\\/img\\\/lazy.webp\",\"contentUrl\":\"https:\\\/\\\/milangaz.com.tr\\\/wp-content\\\/themes\\\/milangaz\\\/assets\\\/img\\\/lazy.webp\"},{\"@type\":\"BreadcrumbList\",\"@id\":\"https:\\\/\\\/milangaz.com.tr\\\/en\\\/corporate\\\/about-us\\\/#breadcrumb\",\"itemListElement\":[{\"@type\":\"ListItem\",\"position\":1,\"name\":\"Anasayfa\",\"item\":\"https:\\\/\\\/milangaz.com.tr\\\/en\\\/\"},{\"@type\":\"ListItem\",\"position\":2,\"name\":\"Corporate\",\"item\":\"https:\\\/\\\/milangaz.com.tr\\\/en\\\/corporate\\\/\"},{\"@type\":\"ListItem\",\"position\":3,\"name\":\"About Us\"}]},{\"@type\":\"WebSite\",\"@id\":\"https:\\\/\\\/milangaz.com.tr\\\/en\\\/#website\",\"url\":\"https:\\\/\\\/milangaz.com.tr\\\/en\\\/\",\"name\":\"Milangaz\",\"description\":\"T\u00fcpgaz-Otogaz-D\u00f6kmegaz\",\"publisher\":{\"@id\":\"https:\\\/\\\/milangaz.com.tr\\\/en\\\/#organization\"},\"potentialAction\":[{\"@type\":\"SearchAction\",\"target\":{\"@type\":\"EntryPoint\",\"urlTemplate\":\"https:\\\/\\\/milangaz.com.tr\\\/en\\\/?s={search_term_string}\"},\"query-input\":{\"@type\":\"PropertyValueSpecification\",\"valueRequired\":true,\"valueName\":\"search_term_string\"}}],\"inLanguage\":\"en-US\"},{\"@type\":\"Organization\",\"@id\":\"https:\\\/\\\/milangaz.com.tr\\\/en\\\/#organization\",\"name\":\"Milangaz\",\"url\":\"https:\\\/\\\/milangaz.com.tr\\\/en\\\/\",\"logo\":{\"@type\":\"ImageObject\",\"inLanguage\":\"en-US\",\"@id\":\"https:\\\/\\\/milangaz.com.tr\\\/en\\\/#\\\/schema\\\/logo\\\/image\\\/\",\"url\":\"https:\\\/\\\/milangaz.com.tr\\\/wp-content\\\/uploads\\\/2023\\\/08\\\/milangaz_logo.svg\",\"contentUrl\":\"https:\\\/\\\/milangaz.com.tr\\\/wp-content\\\/uploads\\\/2023\\\/08\\\/milangaz_logo.svg\",\"width\":235,\"height\":56,\"caption\":\"Milangaz\"},\"image\":{\"@id\":\"https:\\\/\\\/milangaz.com.tr\\\/en\\\/#\\\/schema\\\/logo\\\/image\\\/\"},\"sameAs\":[\"https:\\\/\\\/www.facebook.com\\\/milangaz\",\"https:\\\/\\\/x.com\\\/milangaz\",\"https:\\\/\\\/www.instagram.com\\\/milangaz\",\"https:\\\/\\\/www.youtube.com\\\/channel\\\/UC67jWQ02yog6s2HA3Cn2_bg\",\"https:\\\/\\\/www.linkedin.com\\\/company\\\/milangaz\\\/?viewAsMember=true\"]}]}<\/script>\n<!-- \/ Yoast SEO plugin. -->","yoast_head_json":{"title":"About Us | Milangaz Corporate","description":"Milangaz provides energy with more than 1.000 cylinder gas dealers and retail outlets and over 700 autogas stations. Milangaz also offers bulk gas service.","robots":{"index":"index","follow":"follow","max-snippet":"max-snippet:-1","max-image-preview":"max-image-preview:large","max-video-preview":"max-video-preview:-1"},"canonical":"https:\/\/milangaz.com.tr\/en\/corporate\/about-us\/","og_locale":"en_US","og_type":"article","og_title":"About Us | Milangaz Corporate","og_description":"Milangaz provides energy with more than 1.000 cylinder gas dealers and retail outlets and over 700 autogas stations. Milangaz also offers bulk gas service.","og_url":"https:\/\/milangaz.com.tr\/en\/corporate\/about-us\/","og_site_name":"Milangaz","article_publisher":"https:\/\/www.facebook.com\/milangaz","article_modified_time":"2025-07-31T08:31:20+00:00","og_image":[{"url":"https:\/\/milangaz.com.tr\/wp-content\/themes\/milangaz\/assets\/img\/lazy.webp","type":"","width":"","height":""}],"twitter_card":"summary_large_image","twitter_site":"@milangaz","twitter_misc":{"Est. reading time":"3 minutes"},"schema":{"@context":"https:\/\/schema.org","@graph":[{"@type":"WebPage","@id":"https:\/\/milangaz.com.tr\/en\/corporate\/about-us\/","url":"https:\/\/milangaz.com.tr\/en\/corporate\/about-us\/","name":"About Us | Milangaz Corporate","isPartOf":{"@id":"https:\/\/milangaz.com.tr\/en\/#website"},"primaryImageOfPage":{"@id":"https:\/\/milangaz.com.tr\/en\/corporate\/about-us\/#primaryimage"},"image":{"@id":"https:\/\/milangaz.com.tr\/en\/corporate\/about-us\/#primaryimage"},"thumbnailUrl":"https:\/\/milangaz.com.tr\/wp-content\/themes\/milangaz\/assets\/img\/lazy.webp","datePublished":"2023-02-21T03:41:11+00:00","dateModified":"2025-07-31T08:31:20+00:00","description":"Milangaz provides energy with more than 1.000 cylinder gas dealers and retail outlets and over 700 autogas stations. Milangaz also offers bulk gas service.","breadcrumb":{"@id":"https:\/\/milangaz.com.tr\/en\/corporate\/about-us\/#breadcrumb"},"inLanguage":"en-US","potentialAction":[{"@type":"ReadAction","target":["https:\/\/milangaz.com.tr\/en\/corporate\/about-us\/"]}]},{"@type":"ImageObject","inLanguage":"en-US","@id":"https:\/\/milangaz.com.tr\/en\/corporate\/about-us\/#primaryimage","url":"https:\/\/milangaz.com.tr\/wp-content\/themes\/milangaz\/assets\/img\/lazy.webp","contentUrl":"https:\/\/milangaz.com.tr\/wp-content\/themes\/milangaz\/assets\/img\/lazy.webp"},{"@type":"BreadcrumbList","@id":"https:\/\/milangaz.com.tr\/en\/corporate\/about-us\/#breadcrumb","itemListElement":[{"@type":"ListItem","position":1,"name":"Anasayfa","item":"https:\/\/milangaz.com.tr\/en\/"},{"@type":"ListItem","position":2,"name":"Corporate","item":"https:\/\/milangaz.com.tr\/en\/corporate\/"},{"@type":"ListItem","position":3,"name":"About Us"}]},{"@type":"WebSite","@id":"https:\/\/milangaz.com.tr\/en\/#website","url":"https:\/\/milangaz.com.tr\/en\/","name":"Milangaz","description":"T\u00fcpgaz-Otogaz-D\u00f6kmegaz","publisher":{"@id":"https:\/\/milangaz.com.tr\/en\/#organization"},"potentialAction":[{"@type":"SearchAction","target":{"@type":"EntryPoint","urlTemplate":"https:\/\/milangaz.com.tr\/en\/?s={search_term_string}"},"query-input":{"@type":"PropertyValueSpecification","valueRequired":true,"valueName":"search_term_string"}}],"inLanguage":"en-US"},{"@type":"Organization","@id":"https:\/\/milangaz.com.tr\/en\/#organization","name":"Milangaz","url":"https:\/\/milangaz.com.tr\/en\/","logo":{"@type":"ImageObject","inLanguage":"en-US","@id":"https:\/\/milangaz.com.tr\/en\/#\/schema\/logo\/image\/","url":"https:\/\/milangaz.com.tr\/wp-content\/uploads\/2023\/08\/milangaz_logo.svg","contentUrl":"https:\/\/milangaz.com.tr\/wp-content\/uploads\/2023\/08\/milangaz_logo.svg","width":235,"height":56,"caption":"Milangaz"},"image":{"@id":"https:\/\/milangaz.com.tr\/en\/#\/schema\/logo\/image\/"},"sameAs":["https:\/\/www.facebook.com\/milangaz","https:\/\/x.com\/milangaz","https:\/\/www.instagram.com\/milangaz","https:\/\/www.youtube.com\/channel\/UC67jWQ02yog6s2HA3Cn2_bg","https:\/\/www.linkedin.com\/company\/milangaz\/?viewAsMember=true"]}]}},"_links":{"self":[{"href":"https:\/\/milangaz.com.tr\/en\/wp-json\/wp\/v2\/pages\/2689","targetHints":{"allow":["GET"]}}],"collection":[{"href":"https:\/\/milangaz.com.tr\/en\/wp-json\/wp\/v2\/pages"}],"about":[{"href":"https:\/\/milangaz.com.tr\/en\/wp-json\/wp\/v2\/types\/page"}],"author":[{"embeddable":true,"href":"https:\/\/milangaz.com.tr\/en\/wp-json\/wp\/v2\/users\/1"}],"replies":[{"embeddable":true,"href":"https:\/\/milangaz.com.tr\/en\/wp-json\/wp\/v2\/comments?post=2689"}],"version-history":[{"count":27,"href":"https:\/\/milangaz.com.tr\/en\/wp-json\/wp\/v2\/pages\/2689\/revisions"}],"predecessor-version":[{"id":5307,"href":"https:\/\/milangaz.com.tr\/en\/wp-json\/wp\/v2\/pages\/2689\/revisions\/5307"}],"up":[{"embeddable":true,"href":"https:\/\/milangaz.com.tr\/en\/wp-json\/wp\/v2\/pages\/2654"}],"wp:attachment":[{"href":"https:\/\/milangaz.com.tr\/en\/wp-json\/wp\/v2\/media?parent=2689"}],"curies":[{"name":"wp","href":"https:\/\/api.w.org\/{rel}","templated":true}]}}