{"id":4926,"date":"2025-05-06T10:43:01","date_gmt":"2025-05-06T07:43:01","guid":{"rendered":"https:\/\/milangaz.com.tr\/?page_id=4926"},"modified":"2025-05-06T10:43:01","modified_gmt":"2025-05-06T07:43:01","slug":"autogas-saving-calculator","status":"publish","type":"page","link":"https:\/\/milangaz.com.tr\/en\/autogas\/autogas-saving-calculator\/","title":{"rendered":"Autogas Saving Calculator"},"content":{"rendered":"\t\t<div data-elementor-type=\"wp-page\" data-elementor-id=\"4926\" class=\"elementor elementor-4926\" data-elementor-post-type=\"page\">\n\t\t\t\t<div class=\"elementor-element elementor-element-0435a3f e-con-full e-flex e-con e-parent\" data-id=\"0435a3f\" data-element_type=\"container\" data-e-type=\"container\">\n\t\t\t\t<div class=\"elementor-element elementor-element-01bb85e elementor-widget elementor-widget-calculatefuel\" data-id=\"01bb85e\" data-element_type=\"widget\" data-e-type=\"widget\" data-widget_type=\"calculatefuel.default\">\n\t\t\t\t<div class=\"elementor-widget-container\">\n\t\t\t\t\t        <style>\r\n            main {\r\n                position: relative;\r\n            }\r\n            body .elementor-element {\r\n                position: inherit;\r\n            }\r\n        <\/style>\r\n        <div class=\"calculateFuel productDetails\">\r\n            <div class=\"pd-bg\">\r\n                <img decoding=\"async\" width=\"1058\" height=\"881\" src=\"data:image\/svg+xml,%3Csvg%20xmlns%3D&#039;http%3A%2F%2Fwww.w3.org%2F2000%2Fsvg&#039;%20width%3D&#039;1058&#039;%20height%3D&#039;881&#039;%20viewBox%3D&#039;0%200%20360%20320&#039;%2F%3E\" class=\"img lazyload\" alt=\"Autogas Saving Calculator\" srcset=\"\" sizes=\"(max-width: 1058px) 100vw, 1058px\" data-src=\"https:\/\/milangaz.com.tr\/wp-content\/uploads\/2023\/03\/yakit-hesapla.png\" data-srcset=\"https:\/\/milangaz.com.tr\/wp-content\/uploads\/2023\/03\/yakit-hesapla.png 1058w, https:\/\/milangaz.com.tr\/wp-content\/uploads\/2023\/03\/yakit-hesapla-300x250.png 300w, https:\/\/milangaz.com.tr\/wp-content\/uploads\/2023\/03\/yakit-hesapla-1024x853.png 1024w, https:\/\/milangaz.com.tr\/wp-content\/uploads\/2023\/03\/yakit-hesapla-768x640.png 768w\" \/>            <\/div>\r\n            <div class=\"container\">\r\n                <div class=\"row\">\r\n                    <div class=\"col-12 col-xl-5 noborder\">\r\n                        <h1 class=\"title text-center\">Autogas Saving Calculator<\/h1>                        <div class=\"calculate-box\">\r\n                            <form action=\"\" class=\"selects\" id=\"calculate-form\" method=\"POST\" data-text=\"L\u00fctfen t\u00fcm alanlar\u0131 doldurunuz!\">\r\n                                <div class=\"row\">\r\n                                    <div class=\"col-6 col-lg-6 input-box\">\r\n                                        <label for=\"gasolineprice\">Gasoline Price<\/label>\r\n                                        <input type=\"number\" name=\"gasolineprice\" id=\"gasolineprice\" step=\"any\" value=\"43.38\" required>\r\n                                    <\/div>\r\n\r\n                                    <div class=\"col-6 col-lg-6 input-box\">\r\n                                        <label for=\"autogasprice\">Autogas Price<\/label>\r\n                                        <input type=\"number\" name=\"autogasprice\" id=\"autogasprice\" step=\"any\" value=\"21.65\" required>\r\n                                    <\/div>\r\n\r\n                                    <div class=\"col-12 input-box\">\r\n                                        <label for=\"burnedgasoline\">Gasoline Consumption (x LT\/100km)<\/label>\r\n                                        <input type=\"text\" name=\"burnedgasoline\" id=\"burnedgasoline\" required>\r\n                                    <\/div>\r\n\r\n                                    <div class=\"col-12 input-box\">\r\n                                        <label for=\"kitprice\">Autogas Convertion Cost<\/label>\r\n                                        <input type=\"text\" name=\"kitprice\" id=\"kitprice\" value=\"30.000\" required>\r\n                                    <\/div>\r\n\r\n                                    <div class=\"col-12 input-box\">\r\n                                        <label for=\"calculate\">Annual Mileage<\/label>\r\n                                        <div class=\"range-relative\">\r\n                                            <input type=\"range\" min=\"5000\" max=\"100000\" value=\"5000\" data-value=\"5.000\" step=\"1000\"\r\n                                                   name=\"calculate\" id=\"calculate\" required style=\"--percent: 0%;\">\r\n                                            <div class=\"range-output color-range\">\r\n                                                <output class=\"output\" name=\"output\" for=\"calculate\"><\/output> km\r\n                                            <\/div>\r\n                                        <\/div>\r\n                                    <\/div>\r\n\r\n                                    <div class=\"col-12 input-box text-center\">\r\n                                        <button type=\"submit\" class=\"buttonx\">Calculate<\/button>\r\n                                    <\/div>\r\n                                <\/div>\r\n                            <\/form>\r\n                        <\/div>\r\n                    <\/div>\r\n\r\n                    <div class=\"col-12 col-xl-7\">\r\n                        <div class=\"resultContent\">\r\n                            <div class=\"chart\">\r\n                                <div class=\"circular-progress\">\r\n                                    <span class=\"text\">Saving\n<\/span>\r\n                                    <span class=\"progress-value\">%0<\/span>\r\n                                <\/div>\r\n                            <\/div>\r\n\r\n                            <div class=\"cbox-wrap d-flex\">\r\n                                <div class=\"cbox-item cboxGS\">\r\n                                    <div class=\"box-text text-center\">\r\n                                        <span>Annual Saving \n<br> with Autogas<\/span>\r\n                                        <span class=\"ct\"><b>0<\/b> TL<\/span>\r\n                                    <\/div>\r\n                                <\/div>\r\n\r\n                                <div class=\"cbox-item cboxST\">\r\n                                    <div class=\"box-text text-center\">\r\n                                        <span>Autogas Savings\n<br> per 100 km<br><\/span>\r\n                                        <span class=\"ct\"><b>0<\/b> TL<\/span>\r\n                                    <\/div>\r\n                                <\/div>\r\n\r\n                                <div class=\"cbox-item cboxDT\">\r\n                                    <div class=\"box-text text-center\">\r\n                                        <span>Return of Investment\n<br><\/span>\r\n                                        <span class=\"ct\"><b>0<\/b> Month<\/span>\r\n                                    <\/div>\r\n                                <\/div>\r\n\r\n                                <div class=\"cbox-item cboxCR\">\r\n                                    <div class=\"box-text text-center\">\r\n                                        <span>Annual Gasoline Consumption \n<br> of the Vehicle<\/span>\r\n                                        <span class=\"ct\"><b>0<\/b> TL<\/span>\r\n                                    <\/div>\r\n                                <\/div>\r\n\r\n                                <div class=\"cbox-item cboxYK\">\r\n                                    <div class=\"box-text text-center\">\r\n                                        <span>Annual Autogas Consumption \n<br> of the Vehicle<\/span>\r\n                                        <span class=\"ct\"><b>0<\/b> TL<\/span>\r\n                                    <\/div>\r\n                                <\/div>\r\n                            <\/div>\r\n                        <\/div>\r\n                    <\/div>\r\n                <\/div>\r\n\r\n                <div class=\"spacer-size\"><\/div>\r\n            <\/div>\r\n        <\/div>\r\n        <script>\r\n            document.addEventListener(\"DOMContentLoaded\", function (){\r\n                const input = document.getElementById(\"calculate\")\r\n                const output = document.querySelector(\".range-output output\")\r\n                const formSelect = document.querySelector('#calculate-form')\r\n                input.value = input.defaultValue\r\n\r\n                const rangeValue = input.value\r\n                formSelect.reset()\r\n                input.value = rangeValue\r\n                output.value = input.getAttribute('data-value')\r\n\r\n                \/\/ input range styles\r\n                input.addEventListener(\"input\", function (e){\r\n                    let value = e.target?.value\r\n                    const min = e.target.min || 1\r\n                    const max = e.target.max || 1800\r\n                    const possibleValues = max - min\r\n                    const relativeValue = (value - min) \/ possibleValues\r\n                    const percentRaw = relativeValue * 100\r\n                    const percent = +percentRaw.toFixed(2)\r\n                    const prop = \"--percent\"\r\n                    let formattedNum = new Intl.NumberFormat('tr-TR').format(value)\r\n\r\n                    e.target?.style.setProperty(prop, `${percent}%`)\r\n                    output.value = formattedNum\r\n\r\n                    if (percent <= 26) {\r\n                        output.parentElement.classList.add('color-range')\r\n                    } else {\r\n                        output.parentElement.classList.remove('color-range')\r\n                    }\r\n                })\r\n\r\n                \/\/ API\r\n                const form = document.getElementById('calculate-form')\r\n                const calculateFuel = document.querySelector('.calculateFuel')\r\n\r\n                form.addEventListener('submit', e => {\r\n                    e.preventDefault()\r\n\r\n                    const formData = new FormData(form)\r\n                    const kitprice = formData.get('kitprice')\r\n                    const burnedGasoline = formData.get('burnedgasoline')\r\n                    const gasolinePrice = formData.get('gasolineprice')\r\n                    const autogasPrice = formData.get('autogasprice')\r\n\r\n                    formData.append('action', 'get_calculate')\r\n                    formData.set('kitprice', kitprice.replace(\/[.,]\/g, ''))\r\n                    formData.set('burnedgasoline', burnedGasoline.replace(',', '.'))\r\n\r\n                    \/\/ Only numbers must be entered\r\n                    const numberInputs = [burnedGasoline, gasolinePrice, autogasPrice, kitprice]\r\n                    const hasAlphabeticCharacters = numberInputs.some((input) => \/[a-zA-Z\u011f\u00fc\u015f\u00f6\u00e7\u011e\u00dc\u015e\u00d6\u00c7]\/i.test(input))\r\n                    if ( hasAlphabeticCharacters ) {\r\n                        ctxMessage(false, \"error_message\", \"L\u00fctfen bir say\u0131 girin!\")\r\n                        return false;\r\n                    }\r\n\r\n                    calculateFuel.classList.add('loading')\r\n\r\n                    fetch('https:\/\/milangaz.com.tr\/wp-admin\/admin-ajax.php', {\r\n                        method: 'POST',\r\n                        body: formData\r\n                    })\r\n                        .then(response => response.json())\r\n                        .then(data => {\r\n                            if (!data.errors) {\r\n                                calculateFuel.classList.add('resultCalculate')\r\n\r\n                                let chart = document.querySelector('.chart .progress-value')\r\n                                let cboxYK = document.querySelector('.cboxYK .ct b')\r\n                                let cboxST = document.querySelector('.cboxST .ct b')\r\n                                let cboxDT = document.querySelector('.cboxDT .ct b')\r\n                                let cboxCR = document.querySelector('.cboxCR .ct b')\r\n                                let cboxGS = document.querySelector('.cboxGS .ct b')\r\n\r\n                                chart.innerHTML = data.savingsRage.toLocaleString()\r\n                                cboxYK.innerHTML = data.annualGasTL.toLocaleString()\r\n                                cboxST.innerHTML = data.gasSavingTL.toLocaleString()\r\n                                cboxDT.innerHTML = data.returnTime.toLocaleString()\r\n                                cboxCR.innerHTML = data.annualGasolineTL.toLocaleString()\r\n                                cboxGS.innerHTML = data.annualIncomeTL.toLocaleString()\r\n\r\n                                circleBar(data.savingsRage)\r\n\r\n                                calculateFuel.classList.remove('loading')\r\n                            } else {\r\n                                calculateFuel.classList.remove('resultCalculate')\r\n                                calculateFuel.classList.remove('loading')\r\n                            }\r\n                        })\r\n                        .catch(error => {\r\n                            console.log('D\u00f6nen veri:', error.response);\r\n                            console.error('Hata:', error);\r\n                        })\r\n                })\r\n\r\n                function circleBar(progressNumber) {\r\n\r\n                    let circularProgress = document.querySelector(\".circular-progress\"),\r\n                        progressValue = document.querySelector(\".progress-value\"),\r\n                        prnum = Math.round(progressNumber);\r\n\r\n                    let progressStartValue = 0,\r\n                        progressEndValue = prnum,\r\n                        speed = 4;\r\n\r\n                    let step = progressEndValue >= progressStartValue ? 1 : -1;\r\n\r\n                    if (progressEndValue < 0) {\r\n                        progressStartValue = 0;\r\n                        let negativeAngle = Math.abs(progressEndValue) * 3.6;\r\n                        circularProgress.style.background = `conic-gradient(#caffc1 0deg, #44d62c ${negativeAngle}deg)`;\r\n                    }\r\n\r\n                    let progress = setInterval(() => {\r\n                        if (progressStartValue >= 0 && progressStartValue <= progressEndValue) {\r\n                            progressValue.textContent = `%${progressNumber}`;\r\n                            circularProgress.style.background = `conic-gradient(#caffc1 ${\r\n                                progressStartValue * 3.5\r\n                            }deg, #44d62c 0deg)`;\r\n                        } else {\r\n                            clearInterval(progress);\r\n                        }\r\n\r\n                        progressStartValue += step;\r\n                    }, speed);\r\n                }\r\n\r\n                \/\/custom input valid\r\n                customFormInputs(\"calculate-form\")\r\n            })\r\n        <\/script>\r\n        \t\t\t\t<\/div>\n\t\t\t\t<\/div>\n\t\t\t\t<div class=\"elementor-element elementor-element-bc5b7a1 elementor-widget elementor-widget-spacer\" data-id=\"bc5b7a1\" data-element_type=\"widget\" data-e-type=\"widget\" data-widget_type=\"spacer.default\">\n\t\t\t\t\t\t\t<div class=\"elementor-spacer\">\n\t\t\t<div class=\"elementor-spacer-inner\"><\/div>\n\t\t<\/div>\n\t\t\t\t\t\t<\/div>\n\t\t\t\t<\/div>\n\t\t\t\t<\/div>\n\t\t","protected":false},"excerpt":{"rendered":"<p>main { position: relative; } body .elementor-element { position: inherit; } Autogas Saving Calculator Gasoline Price Autogas Price Gasoline Consumption (x LT\/100km) Autogas Convertion Cost Annual Mileage km Calculate Saving %0 Annual Saving with Autogas 0 TL Autogas Savings per 100 km 0 TL Return of Investment 0 Month Annual Gasoline Consumption of the Vehicle [&hellip;]<\/p>\n","protected":false},"author":1,"featured_media":0,"parent":2670,"menu_order":0,"comment_status":"closed","ping_status":"closed","template":"","meta":{"_acf_changed":false,"footnotes":""},"class_list":["post-4926","page","type-page","status-publish","hentry"],"acf":[],"yoast_head":"<!-- This site is optimized with the Yoast SEO plugin v27.3 - https:\/\/yoast.com\/product\/yoast-seo-wordpress\/ -->\n<title>Autogas vs. Gasoline | Autogas Savings Calculator | Milangaz<\/title>\n<meta name=\"description\" content=\"Save with environmentally friendly, efficient and high-performance Milangaz Otogaz. Reach Autogas Savings Calculator!\" \/>\n<meta name=\"robots\" content=\"index, follow, max-snippet:-1, max-image-preview:large, max-video-preview:-1\" \/>\n<link rel=\"canonical\" href=\"https:\/\/milangaz.com.tr\/en\/autogas\/autogas-saving-calculator\/\" \/>\n<meta property=\"og:locale\" content=\"en_US\" \/>\n<meta property=\"og:type\" content=\"article\" \/>\n<meta property=\"og:title\" content=\"Autogas vs. Gasoline | Autogas Savings Calculator | Milangaz\" \/>\n<meta property=\"og:description\" content=\"Save with environmentally friendly, efficient and high-performance Milangaz Otogaz. Reach Autogas Savings Calculator!\" \/>\n<meta property=\"og:url\" content=\"https:\/\/milangaz.com.tr\/en\/autogas\/autogas-saving-calculator\/\" \/>\n<meta property=\"og:site_name\" content=\"Milangaz\" \/>\n<meta property=\"article:publisher\" content=\"https:\/\/www.facebook.com\/milangaz\" \/>\n<meta property=\"og:image\" content=\"https:\/\/milangaz.com.tr\/wp-content\/themes\/milangaz\/dist\/img\/lazy.png\" \/>\n<meta name=\"twitter:card\" content=\"summary_large_image\" \/>\n<meta name=\"twitter:site\" content=\"@milangaz\" \/>\n<meta name=\"twitter:label1\" content=\"Est. reading time\" \/>\n\t<meta name=\"twitter:data1\" content=\"1 minute\" \/>\n<script type=\"application\/ld+json\" class=\"yoast-schema-graph\">{\"@context\":\"https:\\\/\\\/schema.org\",\"@graph\":[{\"@type\":\"WebPage\",\"@id\":\"https:\\\/\\\/milangaz.com.tr\\\/en\\\/autogas\\\/autogas-saving-calculator\\\/\",\"url\":\"https:\\\/\\\/milangaz.com.tr\\\/en\\\/autogas\\\/autogas-saving-calculator\\\/\",\"name\":\"Autogas vs. Gasoline | Autogas Savings Calculator | Milangaz\",\"isPartOf\":{\"@id\":\"https:\\\/\\\/milangaz.com.tr\\\/en\\\/#website\"},\"primaryImageOfPage\":{\"@id\":\"https:\\\/\\\/milangaz.com.tr\\\/en\\\/autogas\\\/autogas-saving-calculator\\\/#primaryimage\"},\"image\":{\"@id\":\"https:\\\/\\\/milangaz.com.tr\\\/en\\\/autogas\\\/autogas-saving-calculator\\\/#primaryimage\"},\"thumbnailUrl\":\"https:\\\/\\\/milangaz.com.tr\\\/wp-content\\\/themes\\\/milangaz\\\/dist\\\/img\\\/lazy.png\",\"datePublished\":\"2025-05-06T07:43:01+00:00\",\"description\":\"Save with environmentally friendly, efficient and high-performance Milangaz Otogaz. Reach Autogas Savings Calculator!\",\"breadcrumb\":{\"@id\":\"https:\\\/\\\/milangaz.com.tr\\\/en\\\/autogas\\\/autogas-saving-calculator\\\/#breadcrumb\"},\"inLanguage\":\"en-US\",\"potentialAction\":[{\"@type\":\"ReadAction\",\"target\":[\"https:\\\/\\\/milangaz.com.tr\\\/en\\\/autogas\\\/autogas-saving-calculator\\\/\"]}]},{\"@type\":\"ImageObject\",\"inLanguage\":\"en-US\",\"@id\":\"https:\\\/\\\/milangaz.com.tr\\\/en\\\/autogas\\\/autogas-saving-calculator\\\/#primaryimage\",\"url\":\"https:\\\/\\\/milangaz.com.tr\\\/wp-content\\\/themes\\\/milangaz\\\/dist\\\/img\\\/lazy.png\",\"contentUrl\":\"https:\\\/\\\/milangaz.com.tr\\\/wp-content\\\/themes\\\/milangaz\\\/dist\\\/img\\\/lazy.png\"},{\"@type\":\"BreadcrumbList\",\"@id\":\"https:\\\/\\\/milangaz.com.tr\\\/en\\\/autogas\\\/autogas-saving-calculator\\\/#breadcrumb\",\"itemListElement\":[{\"@type\":\"ListItem\",\"position\":1,\"name\":\"Anasayfa\",\"item\":\"https:\\\/\\\/milangaz.com.tr\\\/en\\\/\"},{\"@type\":\"ListItem\",\"position\":2,\"name\":\"Autogas\",\"item\":\"https:\\\/\\\/milangaz.com.tr\\\/en\\\/otogaz\\\/\"},{\"@type\":\"ListItem\",\"position\":3,\"name\":\"Autogas Saving Calculator\"}]},{\"@type\":\"WebSite\",\"@id\":\"https:\\\/\\\/milangaz.com.tr\\\/en\\\/#website\",\"url\":\"https:\\\/\\\/milangaz.com.tr\\\/en\\\/\",\"name\":\"Milangaz\",\"description\":\"T\u00fcpgaz-Otogaz-D\u00f6kmegaz\",\"publisher\":{\"@id\":\"https:\\\/\\\/milangaz.com.tr\\\/en\\\/#organization\"},\"potentialAction\":[{\"@type\":\"SearchAction\",\"target\":{\"@type\":\"EntryPoint\",\"urlTemplate\":\"https:\\\/\\\/milangaz.com.tr\\\/en\\\/?s={search_term_string}\"},\"query-input\":{\"@type\":\"PropertyValueSpecification\",\"valueRequired\":true,\"valueName\":\"search_term_string\"}}],\"inLanguage\":\"en-US\"},{\"@type\":\"Organization\",\"@id\":\"https:\\\/\\\/milangaz.com.tr\\\/en\\\/#organization\",\"name\":\"Milangaz\",\"url\":\"https:\\\/\\\/milangaz.com.tr\\\/en\\\/\",\"logo\":{\"@type\":\"ImageObject\",\"inLanguage\":\"en-US\",\"@id\":\"https:\\\/\\\/milangaz.com.tr\\\/en\\\/#\\\/schema\\\/logo\\\/image\\\/\",\"url\":\"https:\\\/\\\/milangaz.com.tr\\\/wp-content\\\/uploads\\\/2023\\\/08\\\/milangaz_logo.svg\",\"contentUrl\":\"https:\\\/\\\/milangaz.com.tr\\\/wp-content\\\/uploads\\\/2023\\\/08\\\/milangaz_logo.svg\",\"width\":235,\"height\":56,\"caption\":\"Milangaz\"},\"image\":{\"@id\":\"https:\\\/\\\/milangaz.com.tr\\\/en\\\/#\\\/schema\\\/logo\\\/image\\\/\"},\"sameAs\":[\"https:\\\/\\\/www.facebook.com\\\/milangaz\",\"https:\\\/\\\/x.com\\\/milangaz\",\"https:\\\/\\\/www.instagram.com\\\/milangaz\",\"https:\\\/\\\/www.youtube.com\\\/channel\\\/UC67jWQ02yog6s2HA3Cn2_bg\",\"https:\\\/\\\/www.linkedin.com\\\/company\\\/milangaz\\\/?viewAsMember=true\"]}]}<\/script>\n<!-- \/ Yoast SEO plugin. -->","yoast_head_json":{"title":"Autogas vs. Gasoline | Autogas Savings Calculator | Milangaz","description":"Save with environmentally friendly, efficient and high-performance Milangaz Otogaz. Reach Autogas Savings Calculator!","robots":{"index":"index","follow":"follow","max-snippet":"max-snippet:-1","max-image-preview":"max-image-preview:large","max-video-preview":"max-video-preview:-1"},"canonical":"https:\/\/milangaz.com.tr\/en\/autogas\/autogas-saving-calculator\/","og_locale":"en_US","og_type":"article","og_title":"Autogas vs. Gasoline | Autogas Savings Calculator | Milangaz","og_description":"Save with environmentally friendly, efficient and high-performance Milangaz Otogaz. Reach Autogas Savings Calculator!","og_url":"https:\/\/milangaz.com.tr\/en\/autogas\/autogas-saving-calculator\/","og_site_name":"Milangaz","article_publisher":"https:\/\/www.facebook.com\/milangaz","og_image":[{"url":"https:\/\/milangaz.com.tr\/wp-content\/themes\/milangaz\/dist\/img\/lazy.png","type":"","width":"","height":""}],"twitter_card":"summary_large_image","twitter_site":"@milangaz","twitter_misc":{"Est. reading time":"1 minute"},"schema":{"@context":"https:\/\/schema.org","@graph":[{"@type":"WebPage","@id":"https:\/\/milangaz.com.tr\/en\/autogas\/autogas-saving-calculator\/","url":"https:\/\/milangaz.com.tr\/en\/autogas\/autogas-saving-calculator\/","name":"Autogas vs. Gasoline | Autogas Savings Calculator | Milangaz","isPartOf":{"@id":"https:\/\/milangaz.com.tr\/en\/#website"},"primaryImageOfPage":{"@id":"https:\/\/milangaz.com.tr\/en\/autogas\/autogas-saving-calculator\/#primaryimage"},"image":{"@id":"https:\/\/milangaz.com.tr\/en\/autogas\/autogas-saving-calculator\/#primaryimage"},"thumbnailUrl":"https:\/\/milangaz.com.tr\/wp-content\/themes\/milangaz\/dist\/img\/lazy.png","datePublished":"2025-05-06T07:43:01+00:00","description":"Save with environmentally friendly, efficient and high-performance Milangaz Otogaz. Reach Autogas Savings Calculator!","breadcrumb":{"@id":"https:\/\/milangaz.com.tr\/en\/autogas\/autogas-saving-calculator\/#breadcrumb"},"inLanguage":"en-US","potentialAction":[{"@type":"ReadAction","target":["https:\/\/milangaz.com.tr\/en\/autogas\/autogas-saving-calculator\/"]}]},{"@type":"ImageObject","inLanguage":"en-US","@id":"https:\/\/milangaz.com.tr\/en\/autogas\/autogas-saving-calculator\/#primaryimage","url":"https:\/\/milangaz.com.tr\/wp-content\/themes\/milangaz\/dist\/img\/lazy.png","contentUrl":"https:\/\/milangaz.com.tr\/wp-content\/themes\/milangaz\/dist\/img\/lazy.png"},{"@type":"BreadcrumbList","@id":"https:\/\/milangaz.com.tr\/en\/autogas\/autogas-saving-calculator\/#breadcrumb","itemListElement":[{"@type":"ListItem","position":1,"name":"Anasayfa","item":"https:\/\/milangaz.com.tr\/en\/"},{"@type":"ListItem","position":2,"name":"Autogas","item":"https:\/\/milangaz.com.tr\/en\/otogaz\/"},{"@type":"ListItem","position":3,"name":"Autogas Saving Calculator"}]},{"@type":"WebSite","@id":"https:\/\/milangaz.com.tr\/en\/#website","url":"https:\/\/milangaz.com.tr\/en\/","name":"Milangaz","description":"T\u00fcpgaz-Otogaz-D\u00f6kmegaz","publisher":{"@id":"https:\/\/milangaz.com.tr\/en\/#organization"},"potentialAction":[{"@type":"SearchAction","target":{"@type":"EntryPoint","urlTemplate":"https:\/\/milangaz.com.tr\/en\/?s={search_term_string}"},"query-input":{"@type":"PropertyValueSpecification","valueRequired":true,"valueName":"search_term_string"}}],"inLanguage":"en-US"},{"@type":"Organization","@id":"https:\/\/milangaz.com.tr\/en\/#organization","name":"Milangaz","url":"https:\/\/milangaz.com.tr\/en\/","logo":{"@type":"ImageObject","inLanguage":"en-US","@id":"https:\/\/milangaz.com.tr\/en\/#\/schema\/logo\/image\/","url":"https:\/\/milangaz.com.tr\/wp-content\/uploads\/2023\/08\/milangaz_logo.svg","contentUrl":"https:\/\/milangaz.com.tr\/wp-content\/uploads\/2023\/08\/milangaz_logo.svg","width":235,"height":56,"caption":"Milangaz"},"image":{"@id":"https:\/\/milangaz.com.tr\/en\/#\/schema\/logo\/image\/"},"sameAs":["https:\/\/www.facebook.com\/milangaz","https:\/\/x.com\/milangaz","https:\/\/www.instagram.com\/milangaz","https:\/\/www.youtube.com\/channel\/UC67jWQ02yog6s2HA3Cn2_bg","https:\/\/www.linkedin.com\/company\/milangaz\/?viewAsMember=true"]}]}},"_links":{"self":[{"href":"https:\/\/milangaz.com.tr\/en\/wp-json\/wp\/v2\/pages\/4926","targetHints":{"allow":["GET"]}}],"collection":[{"href":"https:\/\/milangaz.com.tr\/en\/wp-json\/wp\/v2\/pages"}],"about":[{"href":"https:\/\/milangaz.com.tr\/en\/wp-json\/wp\/v2\/types\/page"}],"author":[{"embeddable":true,"href":"https:\/\/milangaz.com.tr\/en\/wp-json\/wp\/v2\/users\/1"}],"replies":[{"embeddable":true,"href":"https:\/\/milangaz.com.tr\/en\/wp-json\/wp\/v2\/comments?post=4926"}],"version-history":[{"count":1,"href":"https:\/\/milangaz.com.tr\/en\/wp-json\/wp\/v2\/pages\/4926\/revisions"}],"predecessor-version":[{"id":4928,"href":"https:\/\/milangaz.com.tr\/en\/wp-json\/wp\/v2\/pages\/4926\/revisions\/4928"}],"up":[{"embeddable":true,"href":"https:\/\/milangaz.com.tr\/en\/wp-json\/wp\/v2\/pages\/2670"}],"wp:attachment":[{"href":"https:\/\/milangaz.com.tr\/en\/wp-json\/wp\/v2\/media?parent=4926"}],"curies":[{"name":"wp","href":"https:\/\/api.w.org\/{rel}","templated":true}]}}